{"id":2575,"date":"2023-03-28T13:57:41","date_gmt":"2023-03-28T12:57:41","guid":{"rendered":"https:\/\/movianto.com\/de\/?page_id=2575"},"modified":"2026-01-13T10:00:47","modified_gmt":"2026-01-13T10:00:47","slug":"qualitatsmanagement","status":"publish","type":"page","link":"https:\/\/movianto.com\/de\/uber-uns\/qualitatsmanagement\/","title":{"rendered":"Qualit\u00e4tsmanagement"},"content":{"rendered":"<p>&nbsp;<\/p>\n<p>&nbsp;<\/p>\n","protected":false},"excerpt":{"rendered":"&nbsp; &nbsp;","protected":false},"author":7,"featured_media":2468,"parent":764,"menu_order":0,"comment_status":"closed","ping_status":"closed","template":"","meta":{"_acf_changed":false,"inline_featured_image":false,"footnotes":""},"acf":[],"yoast_head":"<!-- This site is optimized with the Yoast SEO Premium plugin v24.5 (Yoast SEO v24.5) - https:\/\/yoast.com\/wordpress\/plugins\/seo\/ -->\n<title>Qualit\u00e4tsmanagement Gesundheitswesen &amp; Pharma - Movianto<\/title>\n<meta name=\"description\" content=\"Wir haben unser Qualit\u00e4tsmanagementsystem f\u00fcr Pharmazeutika und Medizinprodukte auf der Grundlage von ISO 9001 entwickelt.\" \/>\n<meta name=\"robots\" content=\"index, follow, max-snippet:-1, max-image-preview:large, max-video-preview:-1\" \/>\n<link rel=\"canonical\" href=\"https:\/\/movianto.com\/de\/uber-uns\/qualitatsmanagement\/\" \/>\n<meta property=\"og:locale\" content=\"en_GB\" \/>\n<meta property=\"og:type\" content=\"article\" \/>\n<meta property=\"og:title\" content=\"Qualit\u00e4tsmanagement\" \/>\n<meta property=\"og:description\" content=\"Wir haben unser Qualit\u00e4tsmanagementsystem f\u00fcr Pharmazeutika und Medizinprodukte auf der Grundlage von ISO 9001 entwickelt.\" \/>\n<meta property=\"og:url\" content=\"https:\/\/movianto.com\/de\/uber-uns\/qualitatsmanagement\/\" \/>\n<meta property=\"og:site_name\" content=\"DE\" \/>\n<meta property=\"article:modified_time\" content=\"2026-01-13T10:00:47+00:00\" \/>\n<meta property=\"og:image\" content=\"https:\/\/movianto.com\/de\/wp-content\/uploads\/sites\/4\/2023\/03\/Tamworth-2-1-e1651654841528.jpg\" \/>\n\t<meta property=\"og:image:width\" content=\"801\" \/>\n\t<meta property=\"og:image:height\" content=\"450\" \/>\n\t<meta property=\"og:image:type\" content=\"image\/jpeg\" \/>\n<meta name=\"twitter:card\" content=\"summary_large_image\" \/>\n<meta name=\"twitter:label1\" content=\"Estimated reading time\" \/>\n\t<meta name=\"twitter:data1\" content=\"1 minute\" \/>\n<script type=\"application\/ld+json\" class=\"yoast-schema-graph\">{\"@context\":\"https:\/\/schema.org\",\"@graph\":[{\"@type\":\"WebPage\",\"@id\":\"https:\/\/movianto.com\/de\/uber-uns\/qualitatsmanagement\/\",\"url\":\"https:\/\/movianto.com\/de\/uber-uns\/qualitatsmanagement\/\",\"name\":\"Qualit\u00e4tsmanagement Gesundheitswesen & Pharma - Movianto\",\"isPartOf\":{\"@id\":\"https:\/\/movianto.com\/de\/#website\"},\"primaryImageOfPage\":{\"@id\":\"https:\/\/movianto.com\/de\/uber-uns\/qualitatsmanagement\/#primaryimage\"},\"image\":{\"@id\":\"https:\/\/movianto.com\/de\/uber-uns\/qualitatsmanagement\/#primaryimage\"},\"thumbnailUrl\":\"https:\/\/movianto.com\/de\/wp-content\/uploads\/sites\/4\/2023\/03\/Tamworth-2-1-e1651654841528.jpg\",\"datePublished\":\"2023-03-28T12:57:41+00:00\",\"dateModified\":\"2026-01-13T10:00:47+00:00\",\"description\":\"Wir haben unser Qualit\u00e4tsmanagementsystem f\u00fcr Pharmazeutika und Medizinprodukte auf der Grundlage von ISO 9001 entwickelt.\",\"breadcrumb\":{\"@id\":\"https:\/\/movianto.com\/de\/uber-uns\/qualitatsmanagement\/#breadcrumb\"},\"inLanguage\":\"en-GB\",\"potentialAction\":[{\"@type\":\"ReadAction\",\"target\":[\"https:\/\/movianto.com\/de\/uber-uns\/qualitatsmanagement\/\"]}]},{\"@type\":\"ImageObject\",\"inLanguage\":\"en-GB\",\"@id\":\"https:\/\/movianto.com\/de\/uber-uns\/qualitatsmanagement\/#primaryimage\",\"url\":\"https:\/\/movianto.com\/de\/wp-content\/uploads\/sites\/4\/2023\/03\/Tamworth-2-1-e1651654841528.jpg\",\"contentUrl\":\"https:\/\/movianto.com\/de\/wp-content\/uploads\/sites\/4\/2023\/03\/Tamworth-2-1-e1651654841528.jpg\",\"width\":801,\"height\":450},{\"@type\":\"BreadcrumbList\",\"@id\":\"https:\/\/movianto.com\/de\/uber-uns\/qualitatsmanagement\/#breadcrumb\",\"itemListElement\":[{\"@type\":\"ListItem\",\"position\":1,\"name\":\"Home\",\"item\":\"https:\/\/movianto.com\/de\/\"},{\"@type\":\"ListItem\",\"position\":2,\"name\":\"\u00dcber uns\",\"item\":\"https:\/\/movianto.com\/de\/uber-uns\/\"},{\"@type\":\"ListItem\",\"position\":3,\"name\":\"Qualit\u00e4tsmanagement\"}]},{\"@type\":\"WebSite\",\"@id\":\"https:\/\/movianto.com\/de\/#website\",\"url\":\"https:\/\/movianto.com\/de\/\",\"name\":\"DE\",\"description\":\"\",\"publisher\":{\"@id\":\"https:\/\/movianto.com\/de\/#organization\"},\"potentialAction\":[{\"@type\":\"SearchAction\",\"target\":{\"@type\":\"EntryPoint\",\"urlTemplate\":\"https:\/\/movianto.com\/de\/?s={search_term_string}\"},\"query-input\":{\"@type\":\"PropertyValueSpecification\",\"valueRequired\":true,\"valueName\":\"search_term_string\"}}],\"inLanguage\":\"en-GB\"},{\"@type\":\"Organization\",\"@id\":\"https:\/\/movianto.com\/de\/#organization\",\"name\":\"DE\",\"url\":\"https:\/\/movianto.com\/de\/\",\"logo\":{\"@type\":\"ImageObject\",\"inLanguage\":\"en-GB\",\"@id\":\"https:\/\/movianto.com\/de\/#\/schema\/logo\/image\/\",\"url\":\"https:\/\/movianto.com\/de\/wp-content\/uploads\/sites\/4\/2023\/03\/Movianto-news-photos-9.jpg\",\"contentUrl\":\"https:\/\/movianto.com\/de\/wp-content\/uploads\/sites\/4\/2023\/03\/Movianto-news-photos-9.jpg\",\"width\":600,\"height\":424,\"caption\":\"DE\"},\"image\":{\"@id\":\"https:\/\/movianto.com\/de\/#\/schema\/logo\/image\/\"}}]}<\/script>\n<!-- \/ Yoast SEO Premium plugin. -->","yoast_head_json":{"title":"Qualit\u00e4tsmanagement Gesundheitswesen & Pharma - Movianto","description":"Wir haben unser Qualit\u00e4tsmanagementsystem f\u00fcr Pharmazeutika und Medizinprodukte auf der Grundlage von ISO 9001 entwickelt.","robots":{"index":"index","follow":"follow","max-snippet":"max-snippet:-1","max-image-preview":"max-image-preview:large","max-video-preview":"max-video-preview:-1"},"canonical":"https:\/\/movianto.com\/de\/uber-uns\/qualitatsmanagement\/","og_locale":"en_GB","og_type":"article","og_title":"Qualit\u00e4tsmanagement","og_description":"Wir haben unser Qualit\u00e4tsmanagementsystem f\u00fcr Pharmazeutika und Medizinprodukte auf der Grundlage von ISO 9001 entwickelt.","og_url":"https:\/\/movianto.com\/de\/uber-uns\/qualitatsmanagement\/","og_site_name":"DE","article_modified_time":"2026-01-13T10:00:47+00:00","og_image":[{"width":801,"height":450,"url":"https:\/\/movianto.com\/de\/wp-content\/uploads\/sites\/4\/2023\/03\/Tamworth-2-1-e1651654841528.jpg","type":"image\/jpeg"}],"twitter_card":"summary_large_image","twitter_misc":{"Estimated reading time":"1 minute"},"schema":{"@context":"https:\/\/schema.org","@graph":[{"@type":"WebPage","@id":"https:\/\/movianto.com\/de\/uber-uns\/qualitatsmanagement\/","url":"https:\/\/movianto.com\/de\/uber-uns\/qualitatsmanagement\/","name":"Qualit\u00e4tsmanagement Gesundheitswesen & Pharma - Movianto","isPartOf":{"@id":"https:\/\/movianto.com\/de\/#website"},"primaryImageOfPage":{"@id":"https:\/\/movianto.com\/de\/uber-uns\/qualitatsmanagement\/#primaryimage"},"image":{"@id":"https:\/\/movianto.com\/de\/uber-uns\/qualitatsmanagement\/#primaryimage"},"thumbnailUrl":"https:\/\/movianto.com\/de\/wp-content\/uploads\/sites\/4\/2023\/03\/Tamworth-2-1-e1651654841528.jpg","datePublished":"2023-03-28T12:57:41+00:00","dateModified":"2026-01-13T10:00:47+00:00","description":"Wir haben unser Qualit\u00e4tsmanagementsystem f\u00fcr Pharmazeutika und Medizinprodukte auf der Grundlage von ISO 9001 entwickelt.","breadcrumb":{"@id":"https:\/\/movianto.com\/de\/uber-uns\/qualitatsmanagement\/#breadcrumb"},"inLanguage":"en-GB","potentialAction":[{"@type":"ReadAction","target":["https:\/\/movianto.com\/de\/uber-uns\/qualitatsmanagement\/"]}]},{"@type":"ImageObject","inLanguage":"en-GB","@id":"https:\/\/movianto.com\/de\/uber-uns\/qualitatsmanagement\/#primaryimage","url":"https:\/\/movianto.com\/de\/wp-content\/uploads\/sites\/4\/2023\/03\/Tamworth-2-1-e1651654841528.jpg","contentUrl":"https:\/\/movianto.com\/de\/wp-content\/uploads\/sites\/4\/2023\/03\/Tamworth-2-1-e1651654841528.jpg","width":801,"height":450},{"@type":"BreadcrumbList","@id":"https:\/\/movianto.com\/de\/uber-uns\/qualitatsmanagement\/#breadcrumb","itemListElement":[{"@type":"ListItem","position":1,"name":"Home","item":"https:\/\/movianto.com\/de\/"},{"@type":"ListItem","position":2,"name":"\u00dcber uns","item":"https:\/\/movianto.com\/de\/uber-uns\/"},{"@type":"ListItem","position":3,"name":"Qualit\u00e4tsmanagement"}]},{"@type":"WebSite","@id":"https:\/\/movianto.com\/de\/#website","url":"https:\/\/movianto.com\/de\/","name":"DE","description":"","publisher":{"@id":"https:\/\/movianto.com\/de\/#organization"},"potentialAction":[{"@type":"SearchAction","target":{"@type":"EntryPoint","urlTemplate":"https:\/\/movianto.com\/de\/?s={search_term_string}"},"query-input":{"@type":"PropertyValueSpecification","valueRequired":true,"valueName":"search_term_string"}}],"inLanguage":"en-GB"},{"@type":"Organization","@id":"https:\/\/movianto.com\/de\/#organization","name":"DE","url":"https:\/\/movianto.com\/de\/","logo":{"@type":"ImageObject","inLanguage":"en-GB","@id":"https:\/\/movianto.com\/de\/#\/schema\/logo\/image\/","url":"https:\/\/movianto.com\/de\/wp-content\/uploads\/sites\/4\/2023\/03\/Movianto-news-photos-9.jpg","contentUrl":"https:\/\/movianto.com\/de\/wp-content\/uploads\/sites\/4\/2023\/03\/Movianto-news-photos-9.jpg","width":600,"height":424,"caption":"DE"},"image":{"@id":"https:\/\/movianto.com\/de\/#\/schema\/logo\/image\/"}}]}},"_links":{"self":[{"href":"https:\/\/movianto.com\/de\/wp-json\/wp\/v2\/pages\/2575"}],"collection":[{"href":"https:\/\/movianto.com\/de\/wp-json\/wp\/v2\/pages"}],"about":[{"href":"https:\/\/movianto.com\/de\/wp-json\/wp\/v2\/types\/page"}],"author":[{"embeddable":true,"href":"https:\/\/movianto.com\/de\/wp-json\/wp\/v2\/users\/7"}],"replies":[{"embeddable":true,"href":"https:\/\/movianto.com\/de\/wp-json\/wp\/v2\/comments?post=2575"}],"version-history":[{"count":139,"href":"https:\/\/movianto.com\/de\/wp-json\/wp\/v2\/pages\/2575\/revisions"}],"predecessor-version":[{"id":4248,"href":"https:\/\/movianto.com\/de\/wp-json\/wp\/v2\/pages\/2575\/revisions\/4248"}],"up":[{"embeddable":true,"href":"https:\/\/movianto.com\/de\/wp-json\/wp\/v2\/pages\/764"}],"wp:featuredmedia":[{"embeddable":true,"href":"https:\/\/movianto.com\/de\/wp-json\/wp\/v2\/media\/2468"}],"wp:attachment":[{"href":"https:\/\/movianto.com\/de\/wp-json\/wp\/v2\/media?parent=2575"}],"curies":[{"name":"wp","href":"https:\/\/api.w.org\/{rel}","templated":true}]}}