{"id":1203,"date":"2023-03-09T08:10:19","date_gmt":"2023-03-09T08:10:19","guid":{"rendered":"https:\/\/movianto.com\/es\/?page_id=1203"},"modified":"2024-11-12T09:45:05","modified_gmt":"2024-11-12T09:45:05","slug":"almacenamiento","status":"publish","type":"page","link":"https:\/\/movianto.com\/es\/servicios\/almacenamiento\/","title":{"rendered":"Almacenamiento farmac\u00e9utico"},"content":{"rendered":"","protected":false},"excerpt":{"rendered":"","protected":false},"author":2,"featured_media":0,"parent":846,"menu_order":0,"comment_status":"closed","ping_status":"closed","template":"","meta":{"_acf_changed":false,"inline_featured_image":false,"footnotes":""},"acf":[],"yoast_head":"<!-- This site is optimized with the Yoast SEO Premium plugin v24.5 (Yoast SEO v24.5) - https:\/\/yoast.com\/wordpress\/plugins\/seo\/ -->\n<title>Almacenes de Distribuci\u00f3n Farmac\u00e9utica | Servicios Movianto<\/title>\n<meta name=\"description\" content=\"Ofrecemos almacenes farmac\u00e9uticos con temperatura controlada en 11 pa\u00edses europeos para la distribuci\u00f3n de sus productos de salud.\" \/>\n<meta name=\"robots\" content=\"index, follow, max-snippet:-1, max-image-preview:large, max-video-preview:-1\" \/>\n<link rel=\"canonical\" href=\"https:\/\/movianto.com\/es\/servicios\/almacenamiento\/\" \/>\n<meta property=\"og:locale\" content=\"en_GB\" \/>\n<meta property=\"og:type\" content=\"article\" \/>\n<meta property=\"og:title\" content=\"Almacenamiento farmac\u00e9utico\" \/>\n<meta property=\"og:description\" content=\"Ofrecemos almacenes farmac\u00e9uticos con temperatura controlada en 11 pa\u00edses europeos para la distribuci\u00f3n de sus productos de salud.\" \/>\n<meta property=\"og:url\" content=\"https:\/\/movianto.com\/es\/servicios\/almacenamiento\/\" \/>\n<meta property=\"og:site_name\" content=\"ES\" \/>\n<meta property=\"article:modified_time\" content=\"2024-11-12T09:45:05+00:00\" \/>\n<meta name=\"twitter:card\" content=\"summary_large_image\" \/>\n<script type=\"application\/ld+json\" class=\"yoast-schema-graph\">{\"@context\":\"https:\/\/schema.org\",\"@graph\":[{\"@type\":\"WebPage\",\"@id\":\"https:\/\/movianto.com\/es\/servicios\/almacenamiento\/\",\"url\":\"https:\/\/movianto.com\/es\/servicios\/almacenamiento\/\",\"name\":\"Almacenes de Distribuci\u00f3n Farmac\u00e9utica | Servicios Movianto\",\"isPartOf\":{\"@id\":\"https:\/\/movianto.com\/es\/#website\"},\"datePublished\":\"2023-03-09T08:10:19+00:00\",\"dateModified\":\"2024-11-12T09:45:05+00:00\",\"description\":\"Ofrecemos almacenes farmac\u00e9uticos con temperatura controlada en 11 pa\u00edses europeos para la distribuci\u00f3n de sus productos de salud.\",\"breadcrumb\":{\"@id\":\"https:\/\/movianto.com\/es\/servicios\/almacenamiento\/#breadcrumb\"},\"inLanguage\":\"en-GB\",\"potentialAction\":[{\"@type\":\"ReadAction\",\"target\":[\"https:\/\/movianto.com\/es\/servicios\/almacenamiento\/\"]}]},{\"@type\":\"BreadcrumbList\",\"@id\":\"https:\/\/movianto.com\/es\/servicios\/almacenamiento\/#breadcrumb\",\"itemListElement\":[{\"@type\":\"ListItem\",\"position\":1,\"name\":\"Home\",\"item\":\"https:\/\/movianto.com\/es\/\"},{\"@type\":\"ListItem\",\"position\":2,\"name\":\"Servicios\",\"item\":\"https:\/\/movianto.com\/es\/servicios\/\"},{\"@type\":\"ListItem\",\"position\":3,\"name\":\"Almacenamiento farmac\u00e9utico\"}]},{\"@type\":\"WebSite\",\"@id\":\"https:\/\/movianto.com\/es\/#website\",\"url\":\"https:\/\/movianto.com\/es\/\",\"name\":\"ES\",\"description\":\"\",\"publisher\":{\"@id\":\"https:\/\/movianto.com\/es\/#organization\"},\"potentialAction\":[{\"@type\":\"SearchAction\",\"target\":{\"@type\":\"EntryPoint\",\"urlTemplate\":\"https:\/\/movianto.com\/es\/?s={search_term_string}\"},\"query-input\":{\"@type\":\"PropertyValueSpecification\",\"valueRequired\":true,\"valueName\":\"search_term_string\"}}],\"inLanguage\":\"en-GB\"},{\"@type\":\"Organization\",\"@id\":\"https:\/\/movianto.com\/es\/#organization\",\"name\":\"ES\",\"url\":\"https:\/\/movianto.com\/es\/\",\"logo\":{\"@type\":\"ImageObject\",\"inLanguage\":\"en-GB\",\"@id\":\"https:\/\/movianto.com\/es\/#\/schema\/logo\/image\/\",\"url\":\"https:\/\/movianto.com\/es\/wp-content\/uploads\/sites\/5\/2023\/03\/Movianto-news-photos-9.jpg\",\"contentUrl\":\"https:\/\/movianto.com\/es\/wp-content\/uploads\/sites\/5\/2023\/03\/Movianto-news-photos-9.jpg\",\"width\":600,\"height\":424,\"caption\":\"ES\"},\"image\":{\"@id\":\"https:\/\/movianto.com\/es\/#\/schema\/logo\/image\/\"}}]}<\/script>\n<!-- \/ Yoast SEO Premium plugin. -->","yoast_head_json":{"title":"Almacenes de Distribuci\u00f3n Farmac\u00e9utica | Servicios Movianto","description":"Ofrecemos almacenes farmac\u00e9uticos con temperatura controlada en 11 pa\u00edses europeos para la distribuci\u00f3n de sus productos de salud.","robots":{"index":"index","follow":"follow","max-snippet":"max-snippet:-1","max-image-preview":"max-image-preview:large","max-video-preview":"max-video-preview:-1"},"canonical":"https:\/\/movianto.com\/es\/servicios\/almacenamiento\/","og_locale":"en_GB","og_type":"article","og_title":"Almacenamiento farmac\u00e9utico","og_description":"Ofrecemos almacenes farmac\u00e9uticos con temperatura controlada en 11 pa\u00edses europeos para la distribuci\u00f3n de sus productos de salud.","og_url":"https:\/\/movianto.com\/es\/servicios\/almacenamiento\/","og_site_name":"ES","article_modified_time":"2024-11-12T09:45:05+00:00","twitter_card":"summary_large_image","schema":{"@context":"https:\/\/schema.org","@graph":[{"@type":"WebPage","@id":"https:\/\/movianto.com\/es\/servicios\/almacenamiento\/","url":"https:\/\/movianto.com\/es\/servicios\/almacenamiento\/","name":"Almacenes de Distribuci\u00f3n Farmac\u00e9utica | Servicios Movianto","isPartOf":{"@id":"https:\/\/movianto.com\/es\/#website"},"datePublished":"2023-03-09T08:10:19+00:00","dateModified":"2024-11-12T09:45:05+00:00","description":"Ofrecemos almacenes farmac\u00e9uticos con temperatura controlada en 11 pa\u00edses europeos para la distribuci\u00f3n de sus productos de salud.","breadcrumb":{"@id":"https:\/\/movianto.com\/es\/servicios\/almacenamiento\/#breadcrumb"},"inLanguage":"en-GB","potentialAction":[{"@type":"ReadAction","target":["https:\/\/movianto.com\/es\/servicios\/almacenamiento\/"]}]},{"@type":"BreadcrumbList","@id":"https:\/\/movianto.com\/es\/servicios\/almacenamiento\/#breadcrumb","itemListElement":[{"@type":"ListItem","position":1,"name":"Home","item":"https:\/\/movianto.com\/es\/"},{"@type":"ListItem","position":2,"name":"Servicios","item":"https:\/\/movianto.com\/es\/servicios\/"},{"@type":"ListItem","position":3,"name":"Almacenamiento farmac\u00e9utico"}]},{"@type":"WebSite","@id":"https:\/\/movianto.com\/es\/#website","url":"https:\/\/movianto.com\/es\/","name":"ES","description":"","publisher":{"@id":"https:\/\/movianto.com\/es\/#organization"},"potentialAction":[{"@type":"SearchAction","target":{"@type":"EntryPoint","urlTemplate":"https:\/\/movianto.com\/es\/?s={search_term_string}"},"query-input":{"@type":"PropertyValueSpecification","valueRequired":true,"valueName":"search_term_string"}}],"inLanguage":"en-GB"},{"@type":"Organization","@id":"https:\/\/movianto.com\/es\/#organization","name":"ES","url":"https:\/\/movianto.com\/es\/","logo":{"@type":"ImageObject","inLanguage":"en-GB","@id":"https:\/\/movianto.com\/es\/#\/schema\/logo\/image\/","url":"https:\/\/movianto.com\/es\/wp-content\/uploads\/sites\/5\/2023\/03\/Movianto-news-photos-9.jpg","contentUrl":"https:\/\/movianto.com\/es\/wp-content\/uploads\/sites\/5\/2023\/03\/Movianto-news-photos-9.jpg","width":600,"height":424,"caption":"ES"},"image":{"@id":"https:\/\/movianto.com\/es\/#\/schema\/logo\/image\/"}}]}},"_links":{"self":[{"href":"https:\/\/movianto.com\/es\/wp-json\/wp\/v2\/pages\/1203"}],"collection":[{"href":"https:\/\/movianto.com\/es\/wp-json\/wp\/v2\/pages"}],"about":[{"href":"https:\/\/movianto.com\/es\/wp-json\/wp\/v2\/types\/page"}],"author":[{"embeddable":true,"href":"https:\/\/movianto.com\/es\/wp-json\/wp\/v2\/users\/2"}],"replies":[{"embeddable":true,"href":"https:\/\/movianto.com\/es\/wp-json\/wp\/v2\/comments?post=1203"}],"version-history":[{"count":43,"href":"https:\/\/movianto.com\/es\/wp-json\/wp\/v2\/pages\/1203\/revisions"}],"predecessor-version":[{"id":3641,"href":"https:\/\/movianto.com\/es\/wp-json\/wp\/v2\/pages\/1203\/revisions\/3641"}],"up":[{"embeddable":true,"href":"https:\/\/movianto.com\/es\/wp-json\/wp\/v2\/pages\/846"}],"wp:attachment":[{"href":"https:\/\/movianto.com\/es\/wp-json\/wp\/v2\/media?parent=1203"}],"curies":[{"name":"wp","href":"https:\/\/api.w.org\/{rel}","templated":true}]}}