{"id":1434,"date":"2023-03-13T13:38:51","date_gmt":"2023-03-13T13:38:51","guid":{"rendered":"https:\/\/movianto.com\/es\/sector-expertise\/biotech-copy\/"},"modified":"2024-11-12T09:37:05","modified_gmt":"2024-11-12T09:37:05","slug":"ensayos-clinicos","status":"publish","type":"page","link":"https:\/\/movianto.com\/es\/experiencia-en-el-sector\/ensayos-clinicos\/","title":{"rendered":"Ensayos Cl\u00ednicos"},"content":{"rendered":"","protected":false},"excerpt":{"rendered":"","protected":false},"author":5,"featured_media":0,"parent":659,"menu_order":0,"comment_status":"closed","ping_status":"closed","template":"","meta":{"_acf_changed":false,"inline_featured_image":false,"footnotes":""},"acf":[],"yoast_head":"<!-- This site is optimized with the Yoast SEO Premium plugin v24.5 (Yoast SEO v24.5) - https:\/\/yoast.com\/wordpress\/plugins\/seo\/ -->\n<title>Clinical Trial Supply &amp; Logistics | Movianto<\/title>\n<meta name=\"description\" content=\"\u00bfBusca almacenamiento seguro para ensayos cl\u00ednicos? Ofrecemos almacenamiento a temperatura ambiente , en fr\u00edo y en congelador. Haga clic aqu\u00ed\" \/>\n<meta name=\"robots\" content=\"index, follow, max-snippet:-1, max-image-preview:large, max-video-preview:-1\" \/>\n<link rel=\"canonical\" href=\"https:\/\/movianto.com\/es\/experiencia-en-el-sector\/ensayos-clinicos\/\" \/>\n<meta property=\"og:locale\" content=\"en_GB\" \/>\n<meta property=\"og:type\" content=\"article\" \/>\n<meta property=\"og:title\" content=\"Ensayos Cl\u00ednicos\" \/>\n<meta property=\"og:description\" content=\"\u00bfBusca almacenamiento seguro para ensayos cl\u00ednicos? Ofrecemos almacenamiento a temperatura ambiente , en fr\u00edo y en congelador. Haga clic aqu\u00ed\" \/>\n<meta property=\"og:url\" content=\"https:\/\/movianto.com\/es\/experiencia-en-el-sector\/ensayos-clinicos\/\" \/>\n<meta property=\"og:site_name\" content=\"ES\" \/>\n<meta property=\"article:modified_time\" content=\"2024-11-12T09:37:05+00:00\" \/>\n<meta name=\"twitter:card\" content=\"summary_large_image\" \/>\n<script type=\"application\/ld+json\" class=\"yoast-schema-graph\">{\"@context\":\"https:\/\/schema.org\",\"@graph\":[{\"@type\":\"WebPage\",\"@id\":\"https:\/\/movianto.com\/es\/experiencia-en-el-sector\/ensayos-clinicos\/\",\"url\":\"https:\/\/movianto.com\/es\/experiencia-en-el-sector\/ensayos-clinicos\/\",\"name\":\"Clinical Trial Supply & Logistics | Movianto\",\"isPartOf\":{\"@id\":\"https:\/\/movianto.com\/es\/#website\"},\"datePublished\":\"2023-03-13T13:38:51+00:00\",\"dateModified\":\"2024-11-12T09:37:05+00:00\",\"description\":\"\u00bfBusca almacenamiento seguro para ensayos cl\u00ednicos? Ofrecemos almacenamiento a temperatura ambiente , en fr\u00edo y en congelador. Haga clic aqu\u00ed\",\"breadcrumb\":{\"@id\":\"https:\/\/movianto.com\/es\/experiencia-en-el-sector\/ensayos-clinicos\/#breadcrumb\"},\"inLanguage\":\"en-GB\",\"potentialAction\":[{\"@type\":\"ReadAction\",\"target\":[\"https:\/\/movianto.com\/es\/experiencia-en-el-sector\/ensayos-clinicos\/\"]}]},{\"@type\":\"BreadcrumbList\",\"@id\":\"https:\/\/movianto.com\/es\/experiencia-en-el-sector\/ensayos-clinicos\/#breadcrumb\",\"itemListElement\":[{\"@type\":\"ListItem\",\"position\":1,\"name\":\"Home\",\"item\":\"https:\/\/movianto.com\/es\/\"},{\"@type\":\"ListItem\",\"position\":2,\"name\":\"Experiencia en el sector\",\"item\":\"https:\/\/movianto.com\/es\/experiencia-en-el-sector\/\"},{\"@type\":\"ListItem\",\"position\":3,\"name\":\"Ensayos Cl\u00ednicos\"}]},{\"@type\":\"WebSite\",\"@id\":\"https:\/\/movianto.com\/es\/#website\",\"url\":\"https:\/\/movianto.com\/es\/\",\"name\":\"ES\",\"description\":\"\",\"publisher\":{\"@id\":\"https:\/\/movianto.com\/es\/#organization\"},\"potentialAction\":[{\"@type\":\"SearchAction\",\"target\":{\"@type\":\"EntryPoint\",\"urlTemplate\":\"https:\/\/movianto.com\/es\/?s={search_term_string}\"},\"query-input\":{\"@type\":\"PropertyValueSpecification\",\"valueRequired\":true,\"valueName\":\"search_term_string\"}}],\"inLanguage\":\"en-GB\"},{\"@type\":\"Organization\",\"@id\":\"https:\/\/movianto.com\/es\/#organization\",\"name\":\"ES\",\"url\":\"https:\/\/movianto.com\/es\/\",\"logo\":{\"@type\":\"ImageObject\",\"inLanguage\":\"en-GB\",\"@id\":\"https:\/\/movianto.com\/es\/#\/schema\/logo\/image\/\",\"url\":\"https:\/\/movianto.com\/es\/wp-content\/uploads\/sites\/5\/2023\/03\/Movianto-news-photos-9.jpg\",\"contentUrl\":\"https:\/\/movianto.com\/es\/wp-content\/uploads\/sites\/5\/2023\/03\/Movianto-news-photos-9.jpg\",\"width\":600,\"height\":424,\"caption\":\"ES\"},\"image\":{\"@id\":\"https:\/\/movianto.com\/es\/#\/schema\/logo\/image\/\"}}]}<\/script>\n<!-- \/ Yoast SEO Premium plugin. -->","yoast_head_json":{"title":"Clinical Trial Supply & Logistics | Movianto","description":"\u00bfBusca almacenamiento seguro para ensayos cl\u00ednicos? Ofrecemos almacenamiento a temperatura ambiente , en fr\u00edo y en congelador. Haga clic aqu\u00ed","robots":{"index":"index","follow":"follow","max-snippet":"max-snippet:-1","max-image-preview":"max-image-preview:large","max-video-preview":"max-video-preview:-1"},"canonical":"https:\/\/movianto.com\/es\/experiencia-en-el-sector\/ensayos-clinicos\/","og_locale":"en_GB","og_type":"article","og_title":"Ensayos Cl\u00ednicos","og_description":"\u00bfBusca almacenamiento seguro para ensayos cl\u00ednicos? Ofrecemos almacenamiento a temperatura ambiente , en fr\u00edo y en congelador. Haga clic aqu\u00ed","og_url":"https:\/\/movianto.com\/es\/experiencia-en-el-sector\/ensayos-clinicos\/","og_site_name":"ES","article_modified_time":"2024-11-12T09:37:05+00:00","twitter_card":"summary_large_image","schema":{"@context":"https:\/\/schema.org","@graph":[{"@type":"WebPage","@id":"https:\/\/movianto.com\/es\/experiencia-en-el-sector\/ensayos-clinicos\/","url":"https:\/\/movianto.com\/es\/experiencia-en-el-sector\/ensayos-clinicos\/","name":"Clinical Trial Supply & Logistics | Movianto","isPartOf":{"@id":"https:\/\/movianto.com\/es\/#website"},"datePublished":"2023-03-13T13:38:51+00:00","dateModified":"2024-11-12T09:37:05+00:00","description":"\u00bfBusca almacenamiento seguro para ensayos cl\u00ednicos? Ofrecemos almacenamiento a temperatura ambiente , en fr\u00edo y en congelador. Haga clic aqu\u00ed","breadcrumb":{"@id":"https:\/\/movianto.com\/es\/experiencia-en-el-sector\/ensayos-clinicos\/#breadcrumb"},"inLanguage":"en-GB","potentialAction":[{"@type":"ReadAction","target":["https:\/\/movianto.com\/es\/experiencia-en-el-sector\/ensayos-clinicos\/"]}]},{"@type":"BreadcrumbList","@id":"https:\/\/movianto.com\/es\/experiencia-en-el-sector\/ensayos-clinicos\/#breadcrumb","itemListElement":[{"@type":"ListItem","position":1,"name":"Home","item":"https:\/\/movianto.com\/es\/"},{"@type":"ListItem","position":2,"name":"Experiencia en el sector","item":"https:\/\/movianto.com\/es\/experiencia-en-el-sector\/"},{"@type":"ListItem","position":3,"name":"Ensayos Cl\u00ednicos"}]},{"@type":"WebSite","@id":"https:\/\/movianto.com\/es\/#website","url":"https:\/\/movianto.com\/es\/","name":"ES","description":"","publisher":{"@id":"https:\/\/movianto.com\/es\/#organization"},"potentialAction":[{"@type":"SearchAction","target":{"@type":"EntryPoint","urlTemplate":"https:\/\/movianto.com\/es\/?s={search_term_string}"},"query-input":{"@type":"PropertyValueSpecification","valueRequired":true,"valueName":"search_term_string"}}],"inLanguage":"en-GB"},{"@type":"Organization","@id":"https:\/\/movianto.com\/es\/#organization","name":"ES","url":"https:\/\/movianto.com\/es\/","logo":{"@type":"ImageObject","inLanguage":"en-GB","@id":"https:\/\/movianto.com\/es\/#\/schema\/logo\/image\/","url":"https:\/\/movianto.com\/es\/wp-content\/uploads\/sites\/5\/2023\/03\/Movianto-news-photos-9.jpg","contentUrl":"https:\/\/movianto.com\/es\/wp-content\/uploads\/sites\/5\/2023\/03\/Movianto-news-photos-9.jpg","width":600,"height":424,"caption":"ES"},"image":{"@id":"https:\/\/movianto.com\/es\/#\/schema\/logo\/image\/"}}]}},"_links":{"self":[{"href":"https:\/\/movianto.com\/es\/wp-json\/wp\/v2\/pages\/1434"}],"collection":[{"href":"https:\/\/movianto.com\/es\/wp-json\/wp\/v2\/pages"}],"about":[{"href":"https:\/\/movianto.com\/es\/wp-json\/wp\/v2\/types\/page"}],"author":[{"embeddable":true,"href":"https:\/\/movianto.com\/es\/wp-json\/wp\/v2\/users\/5"}],"replies":[{"embeddable":true,"href":"https:\/\/movianto.com\/es\/wp-json\/wp\/v2\/comments?post=1434"}],"version-history":[{"count":12,"href":"https:\/\/movianto.com\/es\/wp-json\/wp\/v2\/pages\/1434\/revisions"}],"predecessor-version":[{"id":3402,"href":"https:\/\/movianto.com\/es\/wp-json\/wp\/v2\/pages\/1434\/revisions\/3402"}],"up":[{"embeddable":true,"href":"https:\/\/movianto.com\/es\/wp-json\/wp\/v2\/pages\/659"}],"wp:attachment":[{"href":"https:\/\/movianto.com\/es\/wp-json\/wp\/v2\/media?parent=1434"}],"curies":[{"name":"wp","href":"https:\/\/api.w.org\/{rel}","templated":true}]}}