{"id":1458,"date":"2023-03-13T14:30:05","date_gmt":"2023-03-13T14:30:05","guid":{"rendered":"https:\/\/movianto.com\/es\/services\/value-added-services\/repacking-labelling-copy\/"},"modified":"2024-11-12T10:16:30","modified_gmt":"2024-11-12T10:16:30","slug":"serializacion","status":"publish","type":"page","link":"https:\/\/movianto.com\/es\/servicios\/servicios-de-valor-anadido\/serializacion\/","title":{"rendered":"Serializaci\u00f3n"},"content":{"rendered":"","protected":false},"excerpt":{"rendered":"","protected":false},"author":5,"featured_media":0,"parent":1452,"menu_order":0,"comment_status":"closed","ping_status":"closed","template":"","meta":{"_acf_changed":false,"inline_featured_image":false,"footnotes":""},"acf":[],"yoast_head":"<!-- This site is optimized with the Yoast SEO Premium plugin v24.5 (Yoast SEO v24.5) - https:\/\/yoast.com\/wordpress\/plugins\/seo\/ -->\n<title>Serializaci\u00f3n Farmac\u00e9utica | Movianto supply chain solutions<\/title>\n<meta name=\"description\" content=\"Hemos prestado servicios de serializaci\u00f3n farmac\u00e9utica, consolidaci\u00f3n y agregaci\u00f3n a m\u00e1s de 250 clientes en toda Europa.\" \/>\n<meta name=\"robots\" content=\"index, follow, max-snippet:-1, max-image-preview:large, max-video-preview:-1\" \/>\n<link rel=\"canonical\" href=\"https:\/\/movianto.com\/es\/servicios\/servicios-de-valor-anadido\/serializacion\/\" \/>\n<meta property=\"og:locale\" content=\"en_GB\" \/>\n<meta property=\"og:type\" content=\"article\" \/>\n<meta property=\"og:title\" content=\"Serializaci\u00f3n\" \/>\n<meta property=\"og:description\" content=\"Hemos prestado servicios de serializaci\u00f3n farmac\u00e9utica, consolidaci\u00f3n y agregaci\u00f3n a m\u00e1s de 250 clientes en toda Europa.\" \/>\n<meta property=\"og:url\" content=\"https:\/\/movianto.com\/es\/servicios\/servicios-de-valor-anadido\/serializacion\/\" \/>\n<meta property=\"og:site_name\" content=\"ES\" \/>\n<meta property=\"article:modified_time\" content=\"2024-11-12T10:16:30+00:00\" \/>\n<meta name=\"twitter:card\" content=\"summary_large_image\" \/>\n<script type=\"application\/ld+json\" class=\"yoast-schema-graph\">{\"@context\":\"https:\/\/schema.org\",\"@graph\":[{\"@type\":\"WebPage\",\"@id\":\"https:\/\/movianto.com\/es\/servicios\/servicios-de-valor-anadido\/serializacion\/\",\"url\":\"https:\/\/movianto.com\/es\/servicios\/servicios-de-valor-anadido\/serializacion\/\",\"name\":\"Serializaci\u00f3n Farmac\u00e9utica | Movianto supply chain solutions\",\"isPartOf\":{\"@id\":\"https:\/\/movianto.com\/es\/#website\"},\"datePublished\":\"2023-03-13T14:30:05+00:00\",\"dateModified\":\"2024-11-12T10:16:30+00:00\",\"description\":\"Hemos prestado servicios de serializaci\u00f3n farmac\u00e9utica, consolidaci\u00f3n y agregaci\u00f3n a m\u00e1s de 250 clientes en toda Europa.\",\"breadcrumb\":{\"@id\":\"https:\/\/movianto.com\/es\/servicios\/servicios-de-valor-anadido\/serializacion\/#breadcrumb\"},\"inLanguage\":\"en-GB\",\"potentialAction\":[{\"@type\":\"ReadAction\",\"target\":[\"https:\/\/movianto.com\/es\/servicios\/servicios-de-valor-anadido\/serializacion\/\"]}]},{\"@type\":\"BreadcrumbList\",\"@id\":\"https:\/\/movianto.com\/es\/servicios\/servicios-de-valor-anadido\/serializacion\/#breadcrumb\",\"itemListElement\":[{\"@type\":\"ListItem\",\"position\":1,\"name\":\"Home\",\"item\":\"https:\/\/movianto.com\/es\/\"},{\"@type\":\"ListItem\",\"position\":2,\"name\":\"Servicios\",\"item\":\"https:\/\/movianto.com\/es\/servicios\/\"},{\"@type\":\"ListItem\",\"position\":3,\"name\":\"Servicios de valor a\u00f1adido\",\"item\":\"https:\/\/movianto.com\/es\/servicios\/servicios-de-valor-anadido\/\"},{\"@type\":\"ListItem\",\"position\":4,\"name\":\"Serializaci\u00f3n\"}]},{\"@type\":\"WebSite\",\"@id\":\"https:\/\/movianto.com\/es\/#website\",\"url\":\"https:\/\/movianto.com\/es\/\",\"name\":\"ES\",\"description\":\"\",\"publisher\":{\"@id\":\"https:\/\/movianto.com\/es\/#organization\"},\"potentialAction\":[{\"@type\":\"SearchAction\",\"target\":{\"@type\":\"EntryPoint\",\"urlTemplate\":\"https:\/\/movianto.com\/es\/?s={search_term_string}\"},\"query-input\":{\"@type\":\"PropertyValueSpecification\",\"valueRequired\":true,\"valueName\":\"search_term_string\"}}],\"inLanguage\":\"en-GB\"},{\"@type\":\"Organization\",\"@id\":\"https:\/\/movianto.com\/es\/#organization\",\"name\":\"ES\",\"url\":\"https:\/\/movianto.com\/es\/\",\"logo\":{\"@type\":\"ImageObject\",\"inLanguage\":\"en-GB\",\"@id\":\"https:\/\/movianto.com\/es\/#\/schema\/logo\/image\/\",\"url\":\"https:\/\/movianto.com\/es\/wp-content\/uploads\/sites\/5\/2023\/03\/Movianto-news-photos-9.jpg\",\"contentUrl\":\"https:\/\/movianto.com\/es\/wp-content\/uploads\/sites\/5\/2023\/03\/Movianto-news-photos-9.jpg\",\"width\":600,\"height\":424,\"caption\":\"ES\"},\"image\":{\"@id\":\"https:\/\/movianto.com\/es\/#\/schema\/logo\/image\/\"}}]}<\/script>\n<!-- \/ Yoast SEO Premium plugin. -->","yoast_head_json":{"title":"Serializaci\u00f3n Farmac\u00e9utica | Movianto supply chain solutions","description":"Hemos prestado servicios de serializaci\u00f3n farmac\u00e9utica, consolidaci\u00f3n y agregaci\u00f3n a m\u00e1s de 250 clientes en toda Europa.","robots":{"index":"index","follow":"follow","max-snippet":"max-snippet:-1","max-image-preview":"max-image-preview:large","max-video-preview":"max-video-preview:-1"},"canonical":"https:\/\/movianto.com\/es\/servicios\/servicios-de-valor-anadido\/serializacion\/","og_locale":"en_GB","og_type":"article","og_title":"Serializaci\u00f3n","og_description":"Hemos prestado servicios de serializaci\u00f3n farmac\u00e9utica, consolidaci\u00f3n y agregaci\u00f3n a m\u00e1s de 250 clientes en toda Europa.","og_url":"https:\/\/movianto.com\/es\/servicios\/servicios-de-valor-anadido\/serializacion\/","og_site_name":"ES","article_modified_time":"2024-11-12T10:16:30+00:00","twitter_card":"summary_large_image","schema":{"@context":"https:\/\/schema.org","@graph":[{"@type":"WebPage","@id":"https:\/\/movianto.com\/es\/servicios\/servicios-de-valor-anadido\/serializacion\/","url":"https:\/\/movianto.com\/es\/servicios\/servicios-de-valor-anadido\/serializacion\/","name":"Serializaci\u00f3n Farmac\u00e9utica | Movianto supply chain solutions","isPartOf":{"@id":"https:\/\/movianto.com\/es\/#website"},"datePublished":"2023-03-13T14:30:05+00:00","dateModified":"2024-11-12T10:16:30+00:00","description":"Hemos prestado servicios de serializaci\u00f3n farmac\u00e9utica, consolidaci\u00f3n y agregaci\u00f3n a m\u00e1s de 250 clientes en toda Europa.","breadcrumb":{"@id":"https:\/\/movianto.com\/es\/servicios\/servicios-de-valor-anadido\/serializacion\/#breadcrumb"},"inLanguage":"en-GB","potentialAction":[{"@type":"ReadAction","target":["https:\/\/movianto.com\/es\/servicios\/servicios-de-valor-anadido\/serializacion\/"]}]},{"@type":"BreadcrumbList","@id":"https:\/\/movianto.com\/es\/servicios\/servicios-de-valor-anadido\/serializacion\/#breadcrumb","itemListElement":[{"@type":"ListItem","position":1,"name":"Home","item":"https:\/\/movianto.com\/es\/"},{"@type":"ListItem","position":2,"name":"Servicios","item":"https:\/\/movianto.com\/es\/servicios\/"},{"@type":"ListItem","position":3,"name":"Servicios de valor a\u00f1adido","item":"https:\/\/movianto.com\/es\/servicios\/servicios-de-valor-anadido\/"},{"@type":"ListItem","position":4,"name":"Serializaci\u00f3n"}]},{"@type":"WebSite","@id":"https:\/\/movianto.com\/es\/#website","url":"https:\/\/movianto.com\/es\/","name":"ES","description":"","publisher":{"@id":"https:\/\/movianto.com\/es\/#organization"},"potentialAction":[{"@type":"SearchAction","target":{"@type":"EntryPoint","urlTemplate":"https:\/\/movianto.com\/es\/?s={search_term_string}"},"query-input":{"@type":"PropertyValueSpecification","valueRequired":true,"valueName":"search_term_string"}}],"inLanguage":"en-GB"},{"@type":"Organization","@id":"https:\/\/movianto.com\/es\/#organization","name":"ES","url":"https:\/\/movianto.com\/es\/","logo":{"@type":"ImageObject","inLanguage":"en-GB","@id":"https:\/\/movianto.com\/es\/#\/schema\/logo\/image\/","url":"https:\/\/movianto.com\/es\/wp-content\/uploads\/sites\/5\/2023\/03\/Movianto-news-photos-9.jpg","contentUrl":"https:\/\/movianto.com\/es\/wp-content\/uploads\/sites\/5\/2023\/03\/Movianto-news-photos-9.jpg","width":600,"height":424,"caption":"ES"},"image":{"@id":"https:\/\/movianto.com\/es\/#\/schema\/logo\/image\/"}}]}},"_links":{"self":[{"href":"https:\/\/movianto.com\/es\/wp-json\/wp\/v2\/pages\/1458"}],"collection":[{"href":"https:\/\/movianto.com\/es\/wp-json\/wp\/v2\/pages"}],"about":[{"href":"https:\/\/movianto.com\/es\/wp-json\/wp\/v2\/types\/page"}],"author":[{"embeddable":true,"href":"https:\/\/movianto.com\/es\/wp-json\/wp\/v2\/users\/5"}],"replies":[{"embeddable":true,"href":"https:\/\/movianto.com\/es\/wp-json\/wp\/v2\/comments?post=1458"}],"version-history":[{"count":9,"href":"https:\/\/movianto.com\/es\/wp-json\/wp\/v2\/pages\/1458\/revisions"}],"predecessor-version":[{"id":3460,"href":"https:\/\/movianto.com\/es\/wp-json\/wp\/v2\/pages\/1458\/revisions\/3460"}],"up":[{"embeddable":true,"href":"https:\/\/movianto.com\/es\/wp-json\/wp\/v2\/pages\/1452"}],"wp:attachment":[{"href":"https:\/\/movianto.com\/es\/wp-json\/wp\/v2\/media?parent=1458"}],"curies":[{"name":"wp","href":"https:\/\/api.w.org\/{rel}","templated":true}]}}