{"id":2772,"date":"2023-03-29T10:08:58","date_gmt":"2023-03-29T09:08:58","guid":{"rendered":"https:\/\/movianto.com\/es\/?page_id=2772"},"modified":"2025-01-03T18:08:38","modified_gmt":"2025-01-03T18:08:38","slug":"politicas","status":"publish","type":"page","link":"https:\/\/movianto.com\/es\/politicas\/","title":{"rendered":"Pol\u00edticas de la empresa"},"content":{"rendered":"","protected":false},"excerpt":{"rendered":"","protected":false},"author":5,"featured_media":0,"parent":0,"menu_order":0,"comment_status":"closed","ping_status":"closed","template":"","meta":{"_acf_changed":false,"inline_featured_image":false,"footnotes":""},"acf":[],"yoast_head":"<!-- This site is optimized with the Yoast SEO Premium plugin v24.5 (Yoast SEO v24.5) - https:\/\/yoast.com\/wordpress\/plugins\/seo\/ -->\n<title>Pol\u00edticas de empresa | Movianto<\/title>\n<meta name=\"description\" content=\"Consulta nuestras \u00faltimas noticias sobre Movianto: art\u00edculos sobre actividades, insights en log\u00edstica farmac\u00e9utica y healthcare logistics.\" \/>\n<meta name=\"robots\" content=\"index, follow, max-snippet:-1, max-image-preview:large, max-video-preview:-1\" \/>\n<link rel=\"canonical\" href=\"https:\/\/movianto.com\/es\/politicas\/\" \/>\n<meta property=\"og:locale\" content=\"en_GB\" \/>\n<meta property=\"og:type\" content=\"article\" \/>\n<meta property=\"og:title\" content=\"Pol\u00edticas de la empresa\" \/>\n<meta property=\"og:description\" content=\"Consulta nuestras \u00faltimas noticias sobre Movianto: art\u00edculos sobre actividades, insights en log\u00edstica farmac\u00e9utica y healthcare logistics.\" \/>\n<meta property=\"og:url\" content=\"https:\/\/movianto.com\/es\/politicas\/\" \/>\n<meta property=\"og:site_name\" content=\"ES\" \/>\n<meta property=\"article:modified_time\" content=\"2025-01-03T18:08:38+00:00\" \/>\n<meta name=\"twitter:card\" content=\"summary_large_image\" \/>\n<script type=\"application\/ld+json\" class=\"yoast-schema-graph\">{\"@context\":\"https:\/\/schema.org\",\"@graph\":[{\"@type\":\"WebPage\",\"@id\":\"https:\/\/movianto.com\/es\/politicas\/\",\"url\":\"https:\/\/movianto.com\/es\/politicas\/\",\"name\":\"Pol\u00edticas de empresa | Movianto\",\"isPartOf\":{\"@id\":\"https:\/\/movianto.com\/es\/#website\"},\"datePublished\":\"2023-03-29T09:08:58+00:00\",\"dateModified\":\"2025-01-03T18:08:38+00:00\",\"description\":\"Consulta nuestras \u00faltimas noticias sobre Movianto: art\u00edculos sobre actividades, insights en log\u00edstica farmac\u00e9utica y healthcare logistics.\",\"breadcrumb\":{\"@id\":\"https:\/\/movianto.com\/es\/politicas\/#breadcrumb\"},\"inLanguage\":\"en-GB\",\"potentialAction\":[{\"@type\":\"ReadAction\",\"target\":[\"https:\/\/movianto.com\/es\/politicas\/\"]}]},{\"@type\":\"BreadcrumbList\",\"@id\":\"https:\/\/movianto.com\/es\/politicas\/#breadcrumb\",\"itemListElement\":[{\"@type\":\"ListItem\",\"position\":1,\"name\":\"Home\",\"item\":\"https:\/\/movianto.com\/es\/\"},{\"@type\":\"ListItem\",\"position\":2,\"name\":\"Pol\u00edticas de la empresa\"}]},{\"@type\":\"WebSite\",\"@id\":\"https:\/\/movianto.com\/es\/#website\",\"url\":\"https:\/\/movianto.com\/es\/\",\"name\":\"ES\",\"description\":\"\",\"publisher\":{\"@id\":\"https:\/\/movianto.com\/es\/#organization\"},\"potentialAction\":[{\"@type\":\"SearchAction\",\"target\":{\"@type\":\"EntryPoint\",\"urlTemplate\":\"https:\/\/movianto.com\/es\/?s={search_term_string}\"},\"query-input\":{\"@type\":\"PropertyValueSpecification\",\"valueRequired\":true,\"valueName\":\"search_term_string\"}}],\"inLanguage\":\"en-GB\"},{\"@type\":\"Organization\",\"@id\":\"https:\/\/movianto.com\/es\/#organization\",\"name\":\"ES\",\"url\":\"https:\/\/movianto.com\/es\/\",\"logo\":{\"@type\":\"ImageObject\",\"inLanguage\":\"en-GB\",\"@id\":\"https:\/\/movianto.com\/es\/#\/schema\/logo\/image\/\",\"url\":\"https:\/\/movianto.com\/es\/wp-content\/uploads\/sites\/5\/2023\/03\/Movianto-news-photos-9.jpg\",\"contentUrl\":\"https:\/\/movianto.com\/es\/wp-content\/uploads\/sites\/5\/2023\/03\/Movianto-news-photos-9.jpg\",\"width\":600,\"height\":424,\"caption\":\"ES\"},\"image\":{\"@id\":\"https:\/\/movianto.com\/es\/#\/schema\/logo\/image\/\"}}]}<\/script>\n<!-- \/ Yoast SEO Premium plugin. -->","yoast_head_json":{"title":"Pol\u00edticas de empresa | Movianto","description":"Consulta nuestras \u00faltimas noticias sobre Movianto: art\u00edculos sobre actividades, insights en log\u00edstica farmac\u00e9utica y healthcare logistics.","robots":{"index":"index","follow":"follow","max-snippet":"max-snippet:-1","max-image-preview":"max-image-preview:large","max-video-preview":"max-video-preview:-1"},"canonical":"https:\/\/movianto.com\/es\/politicas\/","og_locale":"en_GB","og_type":"article","og_title":"Pol\u00edticas de la empresa","og_description":"Consulta nuestras \u00faltimas noticias sobre Movianto: art\u00edculos sobre actividades, insights en log\u00edstica farmac\u00e9utica y healthcare logistics.","og_url":"https:\/\/movianto.com\/es\/politicas\/","og_site_name":"ES","article_modified_time":"2025-01-03T18:08:38+00:00","twitter_card":"summary_large_image","schema":{"@context":"https:\/\/schema.org","@graph":[{"@type":"WebPage","@id":"https:\/\/movianto.com\/es\/politicas\/","url":"https:\/\/movianto.com\/es\/politicas\/","name":"Pol\u00edticas de empresa | Movianto","isPartOf":{"@id":"https:\/\/movianto.com\/es\/#website"},"datePublished":"2023-03-29T09:08:58+00:00","dateModified":"2025-01-03T18:08:38+00:00","description":"Consulta nuestras \u00faltimas noticias sobre Movianto: art\u00edculos sobre actividades, insights en log\u00edstica farmac\u00e9utica y healthcare logistics.","breadcrumb":{"@id":"https:\/\/movianto.com\/es\/politicas\/#breadcrumb"},"inLanguage":"en-GB","potentialAction":[{"@type":"ReadAction","target":["https:\/\/movianto.com\/es\/politicas\/"]}]},{"@type":"BreadcrumbList","@id":"https:\/\/movianto.com\/es\/politicas\/#breadcrumb","itemListElement":[{"@type":"ListItem","position":1,"name":"Home","item":"https:\/\/movianto.com\/es\/"},{"@type":"ListItem","position":2,"name":"Pol\u00edticas de la empresa"}]},{"@type":"WebSite","@id":"https:\/\/movianto.com\/es\/#website","url":"https:\/\/movianto.com\/es\/","name":"ES","description":"","publisher":{"@id":"https:\/\/movianto.com\/es\/#organization"},"potentialAction":[{"@type":"SearchAction","target":{"@type":"EntryPoint","urlTemplate":"https:\/\/movianto.com\/es\/?s={search_term_string}"},"query-input":{"@type":"PropertyValueSpecification","valueRequired":true,"valueName":"search_term_string"}}],"inLanguage":"en-GB"},{"@type":"Organization","@id":"https:\/\/movianto.com\/es\/#organization","name":"ES","url":"https:\/\/movianto.com\/es\/","logo":{"@type":"ImageObject","inLanguage":"en-GB","@id":"https:\/\/movianto.com\/es\/#\/schema\/logo\/image\/","url":"https:\/\/movianto.com\/es\/wp-content\/uploads\/sites\/5\/2023\/03\/Movianto-news-photos-9.jpg","contentUrl":"https:\/\/movianto.com\/es\/wp-content\/uploads\/sites\/5\/2023\/03\/Movianto-news-photos-9.jpg","width":600,"height":424,"caption":"ES"},"image":{"@id":"https:\/\/movianto.com\/es\/#\/schema\/logo\/image\/"}}]}},"_links":{"self":[{"href":"https:\/\/movianto.com\/es\/wp-json\/wp\/v2\/pages\/2772"}],"collection":[{"href":"https:\/\/movianto.com\/es\/wp-json\/wp\/v2\/pages"}],"about":[{"href":"https:\/\/movianto.com\/es\/wp-json\/wp\/v2\/types\/page"}],"author":[{"embeddable":true,"href":"https:\/\/movianto.com\/es\/wp-json\/wp\/v2\/users\/5"}],"replies":[{"embeddable":true,"href":"https:\/\/movianto.com\/es\/wp-json\/wp\/v2\/comments?post=2772"}],"version-history":[{"count":9,"href":"https:\/\/movianto.com\/es\/wp-json\/wp\/v2\/pages\/2772\/revisions"}],"predecessor-version":[{"id":3471,"href":"https:\/\/movianto.com\/es\/wp-json\/wp\/v2\/pages\/2772\/revisions\/3471"}],"wp:attachment":[{"href":"https:\/\/movianto.com\/es\/wp-json\/wp\/v2\/media?parent=2772"}],"curies":[{"name":"wp","href":"https:\/\/api.w.org\/{rel}","templated":true}]}}