{"id":1440,"date":"2023-03-13T13:41:34","date_gmt":"2023-03-13T13:41:34","guid":{"rendered":"https:\/\/movianto.com\/fr\/services\/pharmaceutical-storage\/inventory-management-copy\/"},"modified":"2023-07-31T16:31:11","modified_gmt":"2023-07-31T15:31:11","slug":"logiciel-de-gestion-dentrepot","status":"publish","type":"page","link":"https:\/\/movianto.com\/fr\/services\/stockage-pharmaceutique\/logiciel-de-gestion-dentrepot\/","title":{"rendered":"Logiciel de gestion d&#8217;entrep\u00f4t"},"content":{"rendered":"","protected":false},"excerpt":{"rendered":"","protected":false},"author":5,"featured_media":0,"parent":1203,"menu_order":0,"comment_status":"closed","ping_status":"closed","template":"","meta":{"_acf_changed":false,"inline_featured_image":false,"footnotes":""},"acf":[],"yoast_head":"<!-- This site is optimized with the Yoast SEO Premium plugin v24.5 (Yoast SEO v24.5) - https:\/\/yoast.com\/wordpress\/plugins\/seo\/ -->\n<title>Logiciel de gestion d&#039;entrep\u00f4t | WMS | Movianto<\/title>\n<meta name=\"description\" content=\"D\u00e9couvrez comment notre Logiciel de gestion d&#039;entrep\u00f4t (WMS) int\u00e9gr\u00e9 garantit la s\u00e9curit\u00e9 de vos produits et l&#039;efficacit\u00e9 de nos services.\" \/>\n<meta name=\"robots\" content=\"index, follow, max-snippet:-1, max-image-preview:large, max-video-preview:-1\" \/>\n<link rel=\"canonical\" href=\"https:\/\/movianto.com\/fr\/services\/stockage-pharmaceutique\/logiciel-de-gestion-dentrepot\/\" \/>\n<meta property=\"og:locale\" content=\"en_GB\" \/>\n<meta property=\"og:type\" content=\"article\" \/>\n<meta property=\"og:title\" content=\"Logiciel de gestion d&#039;entrep\u00f4t\" \/>\n<meta property=\"og:description\" content=\"D\u00e9couvrez comment notre Logiciel de gestion d&#039;entrep\u00f4t (WMS) int\u00e9gr\u00e9 garantit la s\u00e9curit\u00e9 de vos produits et l&#039;efficacit\u00e9 de nos services.\" \/>\n<meta property=\"og:url\" content=\"https:\/\/movianto.com\/fr\/services\/stockage-pharmaceutique\/logiciel-de-gestion-dentrepot\/\" \/>\n<meta property=\"og:site_name\" content=\"FR\" \/>\n<meta property=\"article:modified_time\" content=\"2023-07-31T15:31:11+00:00\" \/>\n<meta name=\"twitter:card\" content=\"summary_large_image\" \/>\n<script type=\"application\/ld+json\" class=\"yoast-schema-graph\">{\"@context\":\"https:\/\/schema.org\",\"@graph\":[{\"@type\":\"WebPage\",\"@id\":\"https:\/\/movianto.com\/fr\/services\/stockage-pharmaceutique\/logiciel-de-gestion-dentrepot\/\",\"url\":\"https:\/\/movianto.com\/fr\/services\/stockage-pharmaceutique\/logiciel-de-gestion-dentrepot\/\",\"name\":\"Logiciel de gestion d'entrep\u00f4t | WMS | Movianto\",\"isPartOf\":{\"@id\":\"https:\/\/movianto.com\/fr\/#website\"},\"datePublished\":\"2023-03-13T13:41:34+00:00\",\"dateModified\":\"2023-07-31T15:31:11+00:00\",\"description\":\"D\u00e9couvrez comment notre Logiciel de gestion d'entrep\u00f4t (WMS) int\u00e9gr\u00e9 garantit la s\u00e9curit\u00e9 de vos produits et l'efficacit\u00e9 de nos services.\",\"breadcrumb\":{\"@id\":\"https:\/\/movianto.com\/fr\/services\/stockage-pharmaceutique\/logiciel-de-gestion-dentrepot\/#breadcrumb\"},\"inLanguage\":\"en-GB\",\"potentialAction\":[{\"@type\":\"ReadAction\",\"target\":[\"https:\/\/movianto.com\/fr\/services\/stockage-pharmaceutique\/logiciel-de-gestion-dentrepot\/\"]}]},{\"@type\":\"BreadcrumbList\",\"@id\":\"https:\/\/movianto.com\/fr\/services\/stockage-pharmaceutique\/logiciel-de-gestion-dentrepot\/#breadcrumb\",\"itemListElement\":[{\"@type\":\"ListItem\",\"position\":1,\"name\":\"Home\",\"item\":\"https:\/\/movianto.com\/fr\/\"},{\"@type\":\"ListItem\",\"position\":2,\"name\":\"Services\",\"item\":\"https:\/\/movianto.com\/fr\/services\/\"},{\"@type\":\"ListItem\",\"position\":3,\"name\":\"Stockage Pharmaceutique\",\"item\":\"https:\/\/movianto.com\/fr\/services\/stockage-pharmaceutique\/\"},{\"@type\":\"ListItem\",\"position\":4,\"name\":\"Logiciel de gestion d&#8217;entrep\u00f4t\"}]},{\"@type\":\"WebSite\",\"@id\":\"https:\/\/movianto.com\/fr\/#website\",\"url\":\"https:\/\/movianto.com\/fr\/\",\"name\":\"FR\",\"description\":\"\",\"publisher\":{\"@id\":\"https:\/\/movianto.com\/fr\/#organization\"},\"potentialAction\":[{\"@type\":\"SearchAction\",\"target\":{\"@type\":\"EntryPoint\",\"urlTemplate\":\"https:\/\/movianto.com\/fr\/?s={search_term_string}\"},\"query-input\":{\"@type\":\"PropertyValueSpecification\",\"valueRequired\":true,\"valueName\":\"search_term_string\"}}],\"inLanguage\":\"en-GB\"},{\"@type\":\"Organization\",\"@id\":\"https:\/\/movianto.com\/fr\/#organization\",\"name\":\"FR\",\"url\":\"https:\/\/movianto.com\/fr\/\",\"logo\":{\"@type\":\"ImageObject\",\"inLanguage\":\"en-GB\",\"@id\":\"https:\/\/movianto.com\/fr\/#\/schema\/logo\/image\/\",\"url\":\"https:\/\/movianto.com\/fr\/wp-content\/uploads\/sites\/2\/2023\/03\/Movianto-news-photos-9.jpg\",\"contentUrl\":\"https:\/\/movianto.com\/fr\/wp-content\/uploads\/sites\/2\/2023\/03\/Movianto-news-photos-9.jpg\",\"width\":600,\"height\":424,\"caption\":\"FR\"},\"image\":{\"@id\":\"https:\/\/movianto.com\/fr\/#\/schema\/logo\/image\/\"}}]}<\/script>\n<!-- \/ Yoast SEO Premium plugin. -->","yoast_head_json":{"title":"Logiciel de gestion d'entrep\u00f4t | WMS | Movianto","description":"D\u00e9couvrez comment notre Logiciel de gestion d'entrep\u00f4t (WMS) int\u00e9gr\u00e9 garantit la s\u00e9curit\u00e9 de vos produits et l'efficacit\u00e9 de nos services.","robots":{"index":"index","follow":"follow","max-snippet":"max-snippet:-1","max-image-preview":"max-image-preview:large","max-video-preview":"max-video-preview:-1"},"canonical":"https:\/\/movianto.com\/fr\/services\/stockage-pharmaceutique\/logiciel-de-gestion-dentrepot\/","og_locale":"en_GB","og_type":"article","og_title":"Logiciel de gestion d'entrep\u00f4t","og_description":"D\u00e9couvrez comment notre Logiciel de gestion d'entrep\u00f4t (WMS) int\u00e9gr\u00e9 garantit la s\u00e9curit\u00e9 de vos produits et l'efficacit\u00e9 de nos services.","og_url":"https:\/\/movianto.com\/fr\/services\/stockage-pharmaceutique\/logiciel-de-gestion-dentrepot\/","og_site_name":"FR","article_modified_time":"2023-07-31T15:31:11+00:00","twitter_card":"summary_large_image","schema":{"@context":"https:\/\/schema.org","@graph":[{"@type":"WebPage","@id":"https:\/\/movianto.com\/fr\/services\/stockage-pharmaceutique\/logiciel-de-gestion-dentrepot\/","url":"https:\/\/movianto.com\/fr\/services\/stockage-pharmaceutique\/logiciel-de-gestion-dentrepot\/","name":"Logiciel de gestion d'entrep\u00f4t | WMS | Movianto","isPartOf":{"@id":"https:\/\/movianto.com\/fr\/#website"},"datePublished":"2023-03-13T13:41:34+00:00","dateModified":"2023-07-31T15:31:11+00:00","description":"D\u00e9couvrez comment notre Logiciel de gestion d'entrep\u00f4t (WMS) int\u00e9gr\u00e9 garantit la s\u00e9curit\u00e9 de vos produits et l'efficacit\u00e9 de nos services.","breadcrumb":{"@id":"https:\/\/movianto.com\/fr\/services\/stockage-pharmaceutique\/logiciel-de-gestion-dentrepot\/#breadcrumb"},"inLanguage":"en-GB","potentialAction":[{"@type":"ReadAction","target":["https:\/\/movianto.com\/fr\/services\/stockage-pharmaceutique\/logiciel-de-gestion-dentrepot\/"]}]},{"@type":"BreadcrumbList","@id":"https:\/\/movianto.com\/fr\/services\/stockage-pharmaceutique\/logiciel-de-gestion-dentrepot\/#breadcrumb","itemListElement":[{"@type":"ListItem","position":1,"name":"Home","item":"https:\/\/movianto.com\/fr\/"},{"@type":"ListItem","position":2,"name":"Services","item":"https:\/\/movianto.com\/fr\/services\/"},{"@type":"ListItem","position":3,"name":"Stockage Pharmaceutique","item":"https:\/\/movianto.com\/fr\/services\/stockage-pharmaceutique\/"},{"@type":"ListItem","position":4,"name":"Logiciel de gestion d&#8217;entrep\u00f4t"}]},{"@type":"WebSite","@id":"https:\/\/movianto.com\/fr\/#website","url":"https:\/\/movianto.com\/fr\/","name":"FR","description":"","publisher":{"@id":"https:\/\/movianto.com\/fr\/#organization"},"potentialAction":[{"@type":"SearchAction","target":{"@type":"EntryPoint","urlTemplate":"https:\/\/movianto.com\/fr\/?s={search_term_string}"},"query-input":{"@type":"PropertyValueSpecification","valueRequired":true,"valueName":"search_term_string"}}],"inLanguage":"en-GB"},{"@type":"Organization","@id":"https:\/\/movianto.com\/fr\/#organization","name":"FR","url":"https:\/\/movianto.com\/fr\/","logo":{"@type":"ImageObject","inLanguage":"en-GB","@id":"https:\/\/movianto.com\/fr\/#\/schema\/logo\/image\/","url":"https:\/\/movianto.com\/fr\/wp-content\/uploads\/sites\/2\/2023\/03\/Movianto-news-photos-9.jpg","contentUrl":"https:\/\/movianto.com\/fr\/wp-content\/uploads\/sites\/2\/2023\/03\/Movianto-news-photos-9.jpg","width":600,"height":424,"caption":"FR"},"image":{"@id":"https:\/\/movianto.com\/fr\/#\/schema\/logo\/image\/"}}]}},"_links":{"self":[{"href":"https:\/\/movianto.com\/fr\/wp-json\/wp\/v2\/pages\/1440"}],"collection":[{"href":"https:\/\/movianto.com\/fr\/wp-json\/wp\/v2\/pages"}],"about":[{"href":"https:\/\/movianto.com\/fr\/wp-json\/wp\/v2\/types\/page"}],"author":[{"embeddable":true,"href":"https:\/\/movianto.com\/fr\/wp-json\/wp\/v2\/users\/5"}],"replies":[{"embeddable":true,"href":"https:\/\/movianto.com\/fr\/wp-json\/wp\/v2\/comments?post=1440"}],"version-history":[{"count":10,"href":"https:\/\/movianto.com\/fr\/wp-json\/wp\/v2\/pages\/1440\/revisions"}],"predecessor-version":[{"id":3636,"href":"https:\/\/movianto.com\/fr\/wp-json\/wp\/v2\/pages\/1440\/revisions\/3636"}],"up":[{"embeddable":true,"href":"https:\/\/movianto.com\/fr\/wp-json\/wp\/v2\/pages\/1203"}],"wp:attachment":[{"href":"https:\/\/movianto.com\/fr\/wp-json\/wp\/v2\/media?parent=1440"}],"curies":[{"name":"wp","href":"https:\/\/api.w.org\/{rel}","templated":true}]}}