{"id":1442,"date":"2023-03-13T13:43:10","date_gmt":"2023-03-13T13:43:10","guid":{"rendered":"https:\/\/movianto.com\/fr\/services\/pharmaceutical-storage-copy\/"},"modified":"2023-08-01T09:00:35","modified_gmt":"2023-08-01T08:00:35","slug":"traitement-des-commandes","status":"publish","type":"page","link":"https:\/\/movianto.com\/fr\/services\/traitement-des-commandes\/","title":{"rendered":"Traitement des commandes"},"content":{"rendered":"","protected":false},"excerpt":{"rendered":"","protected":false},"author":5,"featured_media":0,"parent":846,"menu_order":0,"comment_status":"closed","ping_status":"closed","template":"","meta":{"_acf_changed":false,"inline_featured_image":false,"footnotes":""},"acf":[],"yoast_head":"<!-- This site is optimized with the Yoast SEO Premium plugin v24.5 (Yoast SEO v24.5) - https:\/\/yoast.com\/wordpress\/plugins\/seo\/ -->\n<title>Traitement des commandes | Logistique de la sant\u00e9 | Movianto<\/title>\n<meta name=\"description\" content=\"Nous sommes \u00e0 l&#039;\u00e9coute de vos besoins et nous adaptons nos processus \u00e0 chaque client, et \u00e0 chacun de vos clients finaux.\" \/>\n<meta name=\"robots\" content=\"index, follow, max-snippet:-1, max-image-preview:large, max-video-preview:-1\" \/>\n<link rel=\"canonical\" href=\"https:\/\/movianto.com\/fr\/services\/traitement-des-commandes\/\" \/>\n<meta property=\"og:locale\" content=\"en_GB\" \/>\n<meta property=\"og:type\" content=\"article\" \/>\n<meta property=\"og:title\" content=\"Traitement des commandes\" \/>\n<meta property=\"og:description\" content=\"Nous sommes \u00e0 l&#039;\u00e9coute de vos besoins et nous adaptons nos processus \u00e0 chaque client, et \u00e0 chacun de vos clients finaux.\" \/>\n<meta property=\"og:url\" content=\"https:\/\/movianto.com\/fr\/services\/traitement-des-commandes\/\" \/>\n<meta property=\"og:site_name\" content=\"FR\" \/>\n<meta property=\"article:modified_time\" content=\"2023-08-01T08:00:35+00:00\" \/>\n<meta name=\"twitter:card\" content=\"summary_large_image\" \/>\n<script type=\"application\/ld+json\" class=\"yoast-schema-graph\">{\"@context\":\"https:\/\/schema.org\",\"@graph\":[{\"@type\":\"WebPage\",\"@id\":\"https:\/\/movianto.com\/fr\/services\/traitement-des-commandes\/\",\"url\":\"https:\/\/movianto.com\/fr\/services\/traitement-des-commandes\/\",\"name\":\"Traitement des commandes | Logistique de la sant\u00e9 | Movianto\",\"isPartOf\":{\"@id\":\"https:\/\/movianto.com\/fr\/#website\"},\"datePublished\":\"2023-03-13T13:43:10+00:00\",\"dateModified\":\"2023-08-01T08:00:35+00:00\",\"description\":\"Nous sommes \u00e0 l'\u00e9coute de vos besoins et nous adaptons nos processus \u00e0 chaque client, et \u00e0 chacun de vos clients finaux.\",\"breadcrumb\":{\"@id\":\"https:\/\/movianto.com\/fr\/services\/traitement-des-commandes\/#breadcrumb\"},\"inLanguage\":\"en-GB\",\"potentialAction\":[{\"@type\":\"ReadAction\",\"target\":[\"https:\/\/movianto.com\/fr\/services\/traitement-des-commandes\/\"]}]},{\"@type\":\"BreadcrumbList\",\"@id\":\"https:\/\/movianto.com\/fr\/services\/traitement-des-commandes\/#breadcrumb\",\"itemListElement\":[{\"@type\":\"ListItem\",\"position\":1,\"name\":\"Home\",\"item\":\"https:\/\/movianto.com\/fr\/\"},{\"@type\":\"ListItem\",\"position\":2,\"name\":\"Services\",\"item\":\"https:\/\/movianto.com\/fr\/services\/\"},{\"@type\":\"ListItem\",\"position\":3,\"name\":\"Traitement des commandes\"}]},{\"@type\":\"WebSite\",\"@id\":\"https:\/\/movianto.com\/fr\/#website\",\"url\":\"https:\/\/movianto.com\/fr\/\",\"name\":\"FR\",\"description\":\"\",\"publisher\":{\"@id\":\"https:\/\/movianto.com\/fr\/#organization\"},\"potentialAction\":[{\"@type\":\"SearchAction\",\"target\":{\"@type\":\"EntryPoint\",\"urlTemplate\":\"https:\/\/movianto.com\/fr\/?s={search_term_string}\"},\"query-input\":{\"@type\":\"PropertyValueSpecification\",\"valueRequired\":true,\"valueName\":\"search_term_string\"}}],\"inLanguage\":\"en-GB\"},{\"@type\":\"Organization\",\"@id\":\"https:\/\/movianto.com\/fr\/#organization\",\"name\":\"FR\",\"url\":\"https:\/\/movianto.com\/fr\/\",\"logo\":{\"@type\":\"ImageObject\",\"inLanguage\":\"en-GB\",\"@id\":\"https:\/\/movianto.com\/fr\/#\/schema\/logo\/image\/\",\"url\":\"https:\/\/movianto.com\/fr\/wp-content\/uploads\/sites\/2\/2023\/03\/Movianto-news-photos-9.jpg\",\"contentUrl\":\"https:\/\/movianto.com\/fr\/wp-content\/uploads\/sites\/2\/2023\/03\/Movianto-news-photos-9.jpg\",\"width\":600,\"height\":424,\"caption\":\"FR\"},\"image\":{\"@id\":\"https:\/\/movianto.com\/fr\/#\/schema\/logo\/image\/\"}}]}<\/script>\n<!-- \/ Yoast SEO Premium plugin. -->","yoast_head_json":{"title":"Traitement des commandes | Logistique de la sant\u00e9 | Movianto","description":"Nous sommes \u00e0 l'\u00e9coute de vos besoins et nous adaptons nos processus \u00e0 chaque client, et \u00e0 chacun de vos clients finaux.","robots":{"index":"index","follow":"follow","max-snippet":"max-snippet:-1","max-image-preview":"max-image-preview:large","max-video-preview":"max-video-preview:-1"},"canonical":"https:\/\/movianto.com\/fr\/services\/traitement-des-commandes\/","og_locale":"en_GB","og_type":"article","og_title":"Traitement des commandes","og_description":"Nous sommes \u00e0 l'\u00e9coute de vos besoins et nous adaptons nos processus \u00e0 chaque client, et \u00e0 chacun de vos clients finaux.","og_url":"https:\/\/movianto.com\/fr\/services\/traitement-des-commandes\/","og_site_name":"FR","article_modified_time":"2023-08-01T08:00:35+00:00","twitter_card":"summary_large_image","schema":{"@context":"https:\/\/schema.org","@graph":[{"@type":"WebPage","@id":"https:\/\/movianto.com\/fr\/services\/traitement-des-commandes\/","url":"https:\/\/movianto.com\/fr\/services\/traitement-des-commandes\/","name":"Traitement des commandes | Logistique de la sant\u00e9 | Movianto","isPartOf":{"@id":"https:\/\/movianto.com\/fr\/#website"},"datePublished":"2023-03-13T13:43:10+00:00","dateModified":"2023-08-01T08:00:35+00:00","description":"Nous sommes \u00e0 l'\u00e9coute de vos besoins et nous adaptons nos processus \u00e0 chaque client, et \u00e0 chacun de vos clients finaux.","breadcrumb":{"@id":"https:\/\/movianto.com\/fr\/services\/traitement-des-commandes\/#breadcrumb"},"inLanguage":"en-GB","potentialAction":[{"@type":"ReadAction","target":["https:\/\/movianto.com\/fr\/services\/traitement-des-commandes\/"]}]},{"@type":"BreadcrumbList","@id":"https:\/\/movianto.com\/fr\/services\/traitement-des-commandes\/#breadcrumb","itemListElement":[{"@type":"ListItem","position":1,"name":"Home","item":"https:\/\/movianto.com\/fr\/"},{"@type":"ListItem","position":2,"name":"Services","item":"https:\/\/movianto.com\/fr\/services\/"},{"@type":"ListItem","position":3,"name":"Traitement des commandes"}]},{"@type":"WebSite","@id":"https:\/\/movianto.com\/fr\/#website","url":"https:\/\/movianto.com\/fr\/","name":"FR","description":"","publisher":{"@id":"https:\/\/movianto.com\/fr\/#organization"},"potentialAction":[{"@type":"SearchAction","target":{"@type":"EntryPoint","urlTemplate":"https:\/\/movianto.com\/fr\/?s={search_term_string}"},"query-input":{"@type":"PropertyValueSpecification","valueRequired":true,"valueName":"search_term_string"}}],"inLanguage":"en-GB"},{"@type":"Organization","@id":"https:\/\/movianto.com\/fr\/#organization","name":"FR","url":"https:\/\/movianto.com\/fr\/","logo":{"@type":"ImageObject","inLanguage":"en-GB","@id":"https:\/\/movianto.com\/fr\/#\/schema\/logo\/image\/","url":"https:\/\/movianto.com\/fr\/wp-content\/uploads\/sites\/2\/2023\/03\/Movianto-news-photos-9.jpg","contentUrl":"https:\/\/movianto.com\/fr\/wp-content\/uploads\/sites\/2\/2023\/03\/Movianto-news-photos-9.jpg","width":600,"height":424,"caption":"FR"},"image":{"@id":"https:\/\/movianto.com\/fr\/#\/schema\/logo\/image\/"}}]}},"_links":{"self":[{"href":"https:\/\/movianto.com\/fr\/wp-json\/wp\/v2\/pages\/1442"}],"collection":[{"href":"https:\/\/movianto.com\/fr\/wp-json\/wp\/v2\/pages"}],"about":[{"href":"https:\/\/movianto.com\/fr\/wp-json\/wp\/v2\/types\/page"}],"author":[{"embeddable":true,"href":"https:\/\/movianto.com\/fr\/wp-json\/wp\/v2\/users\/5"}],"replies":[{"embeddable":true,"href":"https:\/\/movianto.com\/fr\/wp-json\/wp\/v2\/comments?post=1442"}],"version-history":[{"count":21,"href":"https:\/\/movianto.com\/fr\/wp-json\/wp\/v2\/pages\/1442\/revisions"}],"predecessor-version":[{"id":5836,"href":"https:\/\/movianto.com\/fr\/wp-json\/wp\/v2\/pages\/1442\/revisions\/5836"}],"up":[{"embeddable":true,"href":"https:\/\/movianto.com\/fr\/wp-json\/wp\/v2\/pages\/846"}],"wp:attachment":[{"href":"https:\/\/movianto.com\/fr\/wp-json\/wp\/v2\/media?parent=1442"}],"curies":[{"name":"wp","href":"https:\/\/api.w.org\/{rel}","templated":true}]}}