{"id":1448,"date":"2023-03-13T14:25:00","date_gmt":"2023-03-13T14:25:00","guid":{"rendered":"https:\/\/movianto.com\/fr\/services\/order-fulfilment-services\/order-management-copy\/"},"modified":"2023-08-01T09:03:34","modified_gmt":"2023-08-01T08:03:34","slug":"service-dorder-to-cash","status":"publish","type":"page","link":"https:\/\/movianto.com\/fr\/services\/traitement-des-commandes\/service-dorder-to-cash\/","title":{"rendered":"Service d\u2019order-to-Cash (O2C)"},"content":{"rendered":"","protected":false},"excerpt":{"rendered":"","protected":false},"author":5,"featured_media":0,"parent":1442,"menu_order":0,"comment_status":"closed","ping_status":"closed","template":"","meta":{"_acf_changed":false,"inline_featured_image":false,"footnotes":""},"acf":[],"yoast_head":"<!-- This site is optimized with the Yoast SEO Premium plugin v24.5 (Yoast SEO v24.5) - https:\/\/yoast.com\/wordpress\/plugins\/seo\/ -->\n<title>Service d\u2019order-to-Cash (O2C) | Movianto<\/title>\n<meta name=\"description\" content=\"Order to Cash - Solutions d\u2019optimisation de la commande \u00e0 l\u2019encaissemeent d\u00e9di\u00e9 \u00e0 l\u2019industrie pharmaceutique\" \/>\n<meta name=\"robots\" content=\"index, follow, max-snippet:-1, max-image-preview:large, max-video-preview:-1\" \/>\n<link rel=\"canonical\" href=\"https:\/\/movianto.com\/fr\/services\/traitement-des-commandes\/service-dorder-to-cash\/\" \/>\n<meta property=\"og:locale\" content=\"en_GB\" \/>\n<meta property=\"og:type\" content=\"article\" \/>\n<meta property=\"og:title\" content=\"Service d\u2019order-to-Cash (O2C)\" \/>\n<meta property=\"og:description\" content=\"Order to Cash - Solutions d\u2019optimisation de la commande \u00e0 l\u2019encaissemeent d\u00e9di\u00e9 \u00e0 l\u2019industrie pharmaceutique\" \/>\n<meta property=\"og:url\" content=\"https:\/\/movianto.com\/fr\/services\/traitement-des-commandes\/service-dorder-to-cash\/\" \/>\n<meta property=\"og:site_name\" content=\"FR\" \/>\n<meta property=\"article:modified_time\" content=\"2023-08-01T08:03:34+00:00\" \/>\n<meta name=\"twitter:card\" content=\"summary_large_image\" \/>\n<script type=\"application\/ld+json\" class=\"yoast-schema-graph\">{\"@context\":\"https:\/\/schema.org\",\"@graph\":[{\"@type\":\"WebPage\",\"@id\":\"https:\/\/movianto.com\/fr\/services\/traitement-des-commandes\/service-dorder-to-cash\/\",\"url\":\"https:\/\/movianto.com\/fr\/services\/traitement-des-commandes\/service-dorder-to-cash\/\",\"name\":\"Service d\u2019order-to-Cash (O2C) | Movianto\",\"isPartOf\":{\"@id\":\"https:\/\/movianto.com\/fr\/#website\"},\"datePublished\":\"2023-03-13T14:25:00+00:00\",\"dateModified\":\"2023-08-01T08:03:34+00:00\",\"description\":\"Order to Cash - Solutions d\u2019optimisation de la commande \u00e0 l\u2019encaissemeent d\u00e9di\u00e9 \u00e0 l\u2019industrie pharmaceutique\",\"breadcrumb\":{\"@id\":\"https:\/\/movianto.com\/fr\/services\/traitement-des-commandes\/service-dorder-to-cash\/#breadcrumb\"},\"inLanguage\":\"en-GB\",\"potentialAction\":[{\"@type\":\"ReadAction\",\"target\":[\"https:\/\/movianto.com\/fr\/services\/traitement-des-commandes\/service-dorder-to-cash\/\"]}]},{\"@type\":\"BreadcrumbList\",\"@id\":\"https:\/\/movianto.com\/fr\/services\/traitement-des-commandes\/service-dorder-to-cash\/#breadcrumb\",\"itemListElement\":[{\"@type\":\"ListItem\",\"position\":1,\"name\":\"Home\",\"item\":\"https:\/\/movianto.com\/fr\/\"},{\"@type\":\"ListItem\",\"position\":2,\"name\":\"Services\",\"item\":\"https:\/\/movianto.com\/fr\/services\/\"},{\"@type\":\"ListItem\",\"position\":3,\"name\":\"Traitement des commandes\",\"item\":\"https:\/\/movianto.com\/fr\/services\/traitement-des-commandes\/\"},{\"@type\":\"ListItem\",\"position\":4,\"name\":\"Service d\u2019order-to-Cash (O2C)\"}]},{\"@type\":\"WebSite\",\"@id\":\"https:\/\/movianto.com\/fr\/#website\",\"url\":\"https:\/\/movianto.com\/fr\/\",\"name\":\"FR\",\"description\":\"\",\"publisher\":{\"@id\":\"https:\/\/movianto.com\/fr\/#organization\"},\"potentialAction\":[{\"@type\":\"SearchAction\",\"target\":{\"@type\":\"EntryPoint\",\"urlTemplate\":\"https:\/\/movianto.com\/fr\/?s={search_term_string}\"},\"query-input\":{\"@type\":\"PropertyValueSpecification\",\"valueRequired\":true,\"valueName\":\"search_term_string\"}}],\"inLanguage\":\"en-GB\"},{\"@type\":\"Organization\",\"@id\":\"https:\/\/movianto.com\/fr\/#organization\",\"name\":\"FR\",\"url\":\"https:\/\/movianto.com\/fr\/\",\"logo\":{\"@type\":\"ImageObject\",\"inLanguage\":\"en-GB\",\"@id\":\"https:\/\/movianto.com\/fr\/#\/schema\/logo\/image\/\",\"url\":\"https:\/\/movianto.com\/fr\/wp-content\/uploads\/sites\/2\/2023\/03\/Movianto-news-photos-9.jpg\",\"contentUrl\":\"https:\/\/movianto.com\/fr\/wp-content\/uploads\/sites\/2\/2023\/03\/Movianto-news-photos-9.jpg\",\"width\":600,\"height\":424,\"caption\":\"FR\"},\"image\":{\"@id\":\"https:\/\/movianto.com\/fr\/#\/schema\/logo\/image\/\"}}]}<\/script>\n<!-- \/ Yoast SEO Premium plugin. -->","yoast_head_json":{"title":"Service d\u2019order-to-Cash (O2C) | Movianto","description":"Order to Cash - Solutions d\u2019optimisation de la commande \u00e0 l\u2019encaissemeent d\u00e9di\u00e9 \u00e0 l\u2019industrie pharmaceutique","robots":{"index":"index","follow":"follow","max-snippet":"max-snippet:-1","max-image-preview":"max-image-preview:large","max-video-preview":"max-video-preview:-1"},"canonical":"https:\/\/movianto.com\/fr\/services\/traitement-des-commandes\/service-dorder-to-cash\/","og_locale":"en_GB","og_type":"article","og_title":"Service d\u2019order-to-Cash (O2C)","og_description":"Order to Cash - Solutions d\u2019optimisation de la commande \u00e0 l\u2019encaissemeent d\u00e9di\u00e9 \u00e0 l\u2019industrie pharmaceutique","og_url":"https:\/\/movianto.com\/fr\/services\/traitement-des-commandes\/service-dorder-to-cash\/","og_site_name":"FR","article_modified_time":"2023-08-01T08:03:34+00:00","twitter_card":"summary_large_image","schema":{"@context":"https:\/\/schema.org","@graph":[{"@type":"WebPage","@id":"https:\/\/movianto.com\/fr\/services\/traitement-des-commandes\/service-dorder-to-cash\/","url":"https:\/\/movianto.com\/fr\/services\/traitement-des-commandes\/service-dorder-to-cash\/","name":"Service d\u2019order-to-Cash (O2C) | Movianto","isPartOf":{"@id":"https:\/\/movianto.com\/fr\/#website"},"datePublished":"2023-03-13T14:25:00+00:00","dateModified":"2023-08-01T08:03:34+00:00","description":"Order to Cash - Solutions d\u2019optimisation de la commande \u00e0 l\u2019encaissemeent d\u00e9di\u00e9 \u00e0 l\u2019industrie pharmaceutique","breadcrumb":{"@id":"https:\/\/movianto.com\/fr\/services\/traitement-des-commandes\/service-dorder-to-cash\/#breadcrumb"},"inLanguage":"en-GB","potentialAction":[{"@type":"ReadAction","target":["https:\/\/movianto.com\/fr\/services\/traitement-des-commandes\/service-dorder-to-cash\/"]}]},{"@type":"BreadcrumbList","@id":"https:\/\/movianto.com\/fr\/services\/traitement-des-commandes\/service-dorder-to-cash\/#breadcrumb","itemListElement":[{"@type":"ListItem","position":1,"name":"Home","item":"https:\/\/movianto.com\/fr\/"},{"@type":"ListItem","position":2,"name":"Services","item":"https:\/\/movianto.com\/fr\/services\/"},{"@type":"ListItem","position":3,"name":"Traitement des commandes","item":"https:\/\/movianto.com\/fr\/services\/traitement-des-commandes\/"},{"@type":"ListItem","position":4,"name":"Service d\u2019order-to-Cash (O2C)"}]},{"@type":"WebSite","@id":"https:\/\/movianto.com\/fr\/#website","url":"https:\/\/movianto.com\/fr\/","name":"FR","description":"","publisher":{"@id":"https:\/\/movianto.com\/fr\/#organization"},"potentialAction":[{"@type":"SearchAction","target":{"@type":"EntryPoint","urlTemplate":"https:\/\/movianto.com\/fr\/?s={search_term_string}"},"query-input":{"@type":"PropertyValueSpecification","valueRequired":true,"valueName":"search_term_string"}}],"inLanguage":"en-GB"},{"@type":"Organization","@id":"https:\/\/movianto.com\/fr\/#organization","name":"FR","url":"https:\/\/movianto.com\/fr\/","logo":{"@type":"ImageObject","inLanguage":"en-GB","@id":"https:\/\/movianto.com\/fr\/#\/schema\/logo\/image\/","url":"https:\/\/movianto.com\/fr\/wp-content\/uploads\/sites\/2\/2023\/03\/Movianto-news-photos-9.jpg","contentUrl":"https:\/\/movianto.com\/fr\/wp-content\/uploads\/sites\/2\/2023\/03\/Movianto-news-photos-9.jpg","width":600,"height":424,"caption":"FR"},"image":{"@id":"https:\/\/movianto.com\/fr\/#\/schema\/logo\/image\/"}}]}},"_links":{"self":[{"href":"https:\/\/movianto.com\/fr\/wp-json\/wp\/v2\/pages\/1448"}],"collection":[{"href":"https:\/\/movianto.com\/fr\/wp-json\/wp\/v2\/pages"}],"about":[{"href":"https:\/\/movianto.com\/fr\/wp-json\/wp\/v2\/types\/page"}],"author":[{"embeddable":true,"href":"https:\/\/movianto.com\/fr\/wp-json\/wp\/v2\/users\/5"}],"replies":[{"embeddable":true,"href":"https:\/\/movianto.com\/fr\/wp-json\/wp\/v2\/comments?post=1448"}],"version-history":[{"count":19,"href":"https:\/\/movianto.com\/fr\/wp-json\/wp\/v2\/pages\/1448\/revisions"}],"predecessor-version":[{"id":3641,"href":"https:\/\/movianto.com\/fr\/wp-json\/wp\/v2\/pages\/1448\/revisions\/3641"}],"up":[{"embeddable":true,"href":"https:\/\/movianto.com\/fr\/wp-json\/wp\/v2\/pages\/1442"}],"wp:attachment":[{"href":"https:\/\/movianto.com\/fr\/wp-json\/wp\/v2\/media?parent=1448"}],"curies":[{"name":"wp","href":"https:\/\/api.w.org\/{rel}","templated":true}]}}