{"id":1458,"date":"2023-03-13T14:30:05","date_gmt":"2023-03-13T14:30:05","guid":{"rendered":"https:\/\/movianto.com\/fr\/services\/value-added-services\/repacking-labelling-copy\/"},"modified":"2024-10-07T15:33:35","modified_gmt":"2024-10-07T14:33:35","slug":"serialisation","status":"publish","type":"page","link":"https:\/\/movianto.com\/fr\/services\/services-a-valeur-ajoutee\/serialisation\/","title":{"rendered":"S\u00e9rialisation"},"content":{"rendered":"","protected":false},"excerpt":{"rendered":"","protected":false},"author":5,"featured_media":0,"parent":1452,"menu_order":0,"comment_status":"closed","ping_status":"closed","template":"","meta":{"_acf_changed":false,"inline_featured_image":false,"footnotes":""},"acf":[],"yoast_head":"<!-- This site is optimized with the Yoast SEO Premium plugin v24.5 (Yoast SEO v24.5) - https:\/\/yoast.com\/wordpress\/plugins\/seo\/ -->\n<title>S\u00e9rialisation pharmaceutique \u2013 Solutions de logistique Movianto<\/title>\n<meta name=\"description\" content=\"Movianto a mis en \u0153uvre avec succ\u00e8s des services de s\u00e9rialisation, de consolidation et d&#039;agr\u00e9gation pour plus de 250 clients en Europe.\" \/>\n<meta name=\"robots\" content=\"index, follow, max-snippet:-1, max-image-preview:large, max-video-preview:-1\" \/>\n<link rel=\"canonical\" href=\"https:\/\/movianto.com\/fr\/services\/services-a-valeur-ajoutee\/serialisation\/\" \/>\n<meta property=\"og:locale\" content=\"en_GB\" \/>\n<meta property=\"og:type\" content=\"article\" \/>\n<meta property=\"og:title\" content=\"S\u00e9rialisation\" \/>\n<meta property=\"og:description\" content=\"Movianto a mis en \u0153uvre avec succ\u00e8s des services de s\u00e9rialisation, de consolidation et d&#039;agr\u00e9gation pour plus de 250 clients en Europe.\" \/>\n<meta property=\"og:url\" content=\"https:\/\/movianto.com\/fr\/services\/services-a-valeur-ajoutee\/serialisation\/\" \/>\n<meta property=\"og:site_name\" content=\"FR\" \/>\n<meta property=\"article:modified_time\" content=\"2024-10-07T14:33:35+00:00\" \/>\n<meta name=\"twitter:card\" content=\"summary_large_image\" \/>\n<script type=\"application\/ld+json\" class=\"yoast-schema-graph\">{\"@context\":\"https:\/\/schema.org\",\"@graph\":[{\"@type\":\"WebPage\",\"@id\":\"https:\/\/movianto.com\/fr\/services\/services-a-valeur-ajoutee\/serialisation\/\",\"url\":\"https:\/\/movianto.com\/fr\/services\/services-a-valeur-ajoutee\/serialisation\/\",\"name\":\"S\u00e9rialisation pharmaceutique \u2013 Solutions de logistique Movianto\",\"isPartOf\":{\"@id\":\"https:\/\/movianto.com\/fr\/#website\"},\"datePublished\":\"2023-03-13T14:30:05+00:00\",\"dateModified\":\"2024-10-07T14:33:35+00:00\",\"description\":\"Movianto a mis en \u0153uvre avec succ\u00e8s des services de s\u00e9rialisation, de consolidation et d'agr\u00e9gation pour plus de 250 clients en Europe.\",\"breadcrumb\":{\"@id\":\"https:\/\/movianto.com\/fr\/services\/services-a-valeur-ajoutee\/serialisation\/#breadcrumb\"},\"inLanguage\":\"en-GB\",\"potentialAction\":[{\"@type\":\"ReadAction\",\"target\":[\"https:\/\/movianto.com\/fr\/services\/services-a-valeur-ajoutee\/serialisation\/\"]}]},{\"@type\":\"BreadcrumbList\",\"@id\":\"https:\/\/movianto.com\/fr\/services\/services-a-valeur-ajoutee\/serialisation\/#breadcrumb\",\"itemListElement\":[{\"@type\":\"ListItem\",\"position\":1,\"name\":\"Home\",\"item\":\"https:\/\/movianto.com\/fr\/\"},{\"@type\":\"ListItem\",\"position\":2,\"name\":\"Services\",\"item\":\"https:\/\/movianto.com\/fr\/services\/\"},{\"@type\":\"ListItem\",\"position\":3,\"name\":\"Services \u00e0 Valeur Ajout\u00e9e\",\"item\":\"https:\/\/movianto.com\/fr\/services\/services-a-valeur-ajoutee\/\"},{\"@type\":\"ListItem\",\"position\":4,\"name\":\"S\u00e9rialisation\"}]},{\"@type\":\"WebSite\",\"@id\":\"https:\/\/movianto.com\/fr\/#website\",\"url\":\"https:\/\/movianto.com\/fr\/\",\"name\":\"FR\",\"description\":\"\",\"publisher\":{\"@id\":\"https:\/\/movianto.com\/fr\/#organization\"},\"potentialAction\":[{\"@type\":\"SearchAction\",\"target\":{\"@type\":\"EntryPoint\",\"urlTemplate\":\"https:\/\/movianto.com\/fr\/?s={search_term_string}\"},\"query-input\":{\"@type\":\"PropertyValueSpecification\",\"valueRequired\":true,\"valueName\":\"search_term_string\"}}],\"inLanguage\":\"en-GB\"},{\"@type\":\"Organization\",\"@id\":\"https:\/\/movianto.com\/fr\/#organization\",\"name\":\"FR\",\"url\":\"https:\/\/movianto.com\/fr\/\",\"logo\":{\"@type\":\"ImageObject\",\"inLanguage\":\"en-GB\",\"@id\":\"https:\/\/movianto.com\/fr\/#\/schema\/logo\/image\/\",\"url\":\"https:\/\/movianto.com\/fr\/wp-content\/uploads\/sites\/2\/2023\/03\/Movianto-news-photos-9.jpg\",\"contentUrl\":\"https:\/\/movianto.com\/fr\/wp-content\/uploads\/sites\/2\/2023\/03\/Movianto-news-photos-9.jpg\",\"width\":600,\"height\":424,\"caption\":\"FR\"},\"image\":{\"@id\":\"https:\/\/movianto.com\/fr\/#\/schema\/logo\/image\/\"}}]}<\/script>\n<!-- \/ Yoast SEO Premium plugin. -->","yoast_head_json":{"title":"S\u00e9rialisation pharmaceutique \u2013 Solutions de logistique Movianto","description":"Movianto a mis en \u0153uvre avec succ\u00e8s des services de s\u00e9rialisation, de consolidation et d'agr\u00e9gation pour plus de 250 clients en Europe.","robots":{"index":"index","follow":"follow","max-snippet":"max-snippet:-1","max-image-preview":"max-image-preview:large","max-video-preview":"max-video-preview:-1"},"canonical":"https:\/\/movianto.com\/fr\/services\/services-a-valeur-ajoutee\/serialisation\/","og_locale":"en_GB","og_type":"article","og_title":"S\u00e9rialisation","og_description":"Movianto a mis en \u0153uvre avec succ\u00e8s des services de s\u00e9rialisation, de consolidation et d'agr\u00e9gation pour plus de 250 clients en Europe.","og_url":"https:\/\/movianto.com\/fr\/services\/services-a-valeur-ajoutee\/serialisation\/","og_site_name":"FR","article_modified_time":"2024-10-07T14:33:35+00:00","twitter_card":"summary_large_image","schema":{"@context":"https:\/\/schema.org","@graph":[{"@type":"WebPage","@id":"https:\/\/movianto.com\/fr\/services\/services-a-valeur-ajoutee\/serialisation\/","url":"https:\/\/movianto.com\/fr\/services\/services-a-valeur-ajoutee\/serialisation\/","name":"S\u00e9rialisation pharmaceutique \u2013 Solutions de logistique Movianto","isPartOf":{"@id":"https:\/\/movianto.com\/fr\/#website"},"datePublished":"2023-03-13T14:30:05+00:00","dateModified":"2024-10-07T14:33:35+00:00","description":"Movianto a mis en \u0153uvre avec succ\u00e8s des services de s\u00e9rialisation, de consolidation et d'agr\u00e9gation pour plus de 250 clients en Europe.","breadcrumb":{"@id":"https:\/\/movianto.com\/fr\/services\/services-a-valeur-ajoutee\/serialisation\/#breadcrumb"},"inLanguage":"en-GB","potentialAction":[{"@type":"ReadAction","target":["https:\/\/movianto.com\/fr\/services\/services-a-valeur-ajoutee\/serialisation\/"]}]},{"@type":"BreadcrumbList","@id":"https:\/\/movianto.com\/fr\/services\/services-a-valeur-ajoutee\/serialisation\/#breadcrumb","itemListElement":[{"@type":"ListItem","position":1,"name":"Home","item":"https:\/\/movianto.com\/fr\/"},{"@type":"ListItem","position":2,"name":"Services","item":"https:\/\/movianto.com\/fr\/services\/"},{"@type":"ListItem","position":3,"name":"Services \u00e0 Valeur Ajout\u00e9e","item":"https:\/\/movianto.com\/fr\/services\/services-a-valeur-ajoutee\/"},{"@type":"ListItem","position":4,"name":"S\u00e9rialisation"}]},{"@type":"WebSite","@id":"https:\/\/movianto.com\/fr\/#website","url":"https:\/\/movianto.com\/fr\/","name":"FR","description":"","publisher":{"@id":"https:\/\/movianto.com\/fr\/#organization"},"potentialAction":[{"@type":"SearchAction","target":{"@type":"EntryPoint","urlTemplate":"https:\/\/movianto.com\/fr\/?s={search_term_string}"},"query-input":{"@type":"PropertyValueSpecification","valueRequired":true,"valueName":"search_term_string"}}],"inLanguage":"en-GB"},{"@type":"Organization","@id":"https:\/\/movianto.com\/fr\/#organization","name":"FR","url":"https:\/\/movianto.com\/fr\/","logo":{"@type":"ImageObject","inLanguage":"en-GB","@id":"https:\/\/movianto.com\/fr\/#\/schema\/logo\/image\/","url":"https:\/\/movianto.com\/fr\/wp-content\/uploads\/sites\/2\/2023\/03\/Movianto-news-photos-9.jpg","contentUrl":"https:\/\/movianto.com\/fr\/wp-content\/uploads\/sites\/2\/2023\/03\/Movianto-news-photos-9.jpg","width":600,"height":424,"caption":"FR"},"image":{"@id":"https:\/\/movianto.com\/fr\/#\/schema\/logo\/image\/"}}]}},"_links":{"self":[{"href":"https:\/\/movianto.com\/fr\/wp-json\/wp\/v2\/pages\/1458"}],"collection":[{"href":"https:\/\/movianto.com\/fr\/wp-json\/wp\/v2\/pages"}],"about":[{"href":"https:\/\/movianto.com\/fr\/wp-json\/wp\/v2\/types\/page"}],"author":[{"embeddable":true,"href":"https:\/\/movianto.com\/fr\/wp-json\/wp\/v2\/users\/5"}],"replies":[{"embeddable":true,"href":"https:\/\/movianto.com\/fr\/wp-json\/wp\/v2\/comments?post=1458"}],"version-history":[{"count":13,"href":"https:\/\/movianto.com\/fr\/wp-json\/wp\/v2\/pages\/1458\/revisions"}],"predecessor-version":[{"id":4821,"href":"https:\/\/movianto.com\/fr\/wp-json\/wp\/v2\/pages\/1458\/revisions\/4821"}],"up":[{"embeddable":true,"href":"https:\/\/movianto.com\/fr\/wp-json\/wp\/v2\/pages\/1452"}],"wp:attachment":[{"href":"https:\/\/movianto.com\/fr\/wp-json\/wp\/v2\/media?parent=1458"}],"curies":[{"name":"wp","href":"https:\/\/api.w.org\/{rel}","templated":true}]}}