{"id":2851,"date":"2023-03-29T13:36:55","date_gmt":"2023-03-29T12:36:55","guid":{"rendered":"https:\/\/movianto.com\/fr\/?page_id=2851"},"modified":"2026-02-25T10:24:56","modified_gmt":"2026-02-25T10:24:56","slug":"responsabilite-sociale-et-environnement","status":"publish","type":"page","link":"https:\/\/movianto.com\/fr\/a-propos-de-nous\/responsabilite-sociale-et-environnement\/","title":{"rendered":"Responsabilit\u00e9 Sociale et Environnement"},"content":{"rendered":"","protected":false},"excerpt":{"rendered":"","protected":false},"author":6,"featured_media":2953,"parent":764,"menu_order":0,"comment_status":"closed","ping_status":"closed","template":"","meta":{"_acf_changed":false,"inline_featured_image":false,"footnotes":""},"acf":[],"yoast_head":"<!-- This site is optimized with the Yoast SEO Premium plugin v24.5 (Yoast SEO v24.5) - https:\/\/yoast.com\/wordpress\/plugins\/seo\/ -->\n<title>Responsabilit\u00e9 Sociale et Environnement | Movianto<\/title>\n<meta name=\"description\" content=\"En tant que prestataire de services logistiques pharma &amp; sant\u00e9, la RSE est essentielle dans tous les aspects de l&#039;activit\u00e9 de Movianto.\" \/>\n<meta name=\"robots\" content=\"index, follow, max-snippet:-1, max-image-preview:large, max-video-preview:-1\" \/>\n<link rel=\"canonical\" href=\"https:\/\/movianto.com\/fr\/a-propos-de-nous\/responsabilite-sociale-et-environnement\/\" \/>\n<meta property=\"og:locale\" content=\"en_GB\" \/>\n<meta property=\"og:type\" content=\"article\" \/>\n<meta property=\"og:title\" content=\"Responsabilit\u00e9 Sociale et Environnement\" \/>\n<meta property=\"og:description\" content=\"En tant que prestataire de services logistiques pharma &amp; sant\u00e9, la RSE est essentielle dans tous les aspects de l&#039;activit\u00e9 de Movianto.\" \/>\n<meta property=\"og:url\" content=\"https:\/\/movianto.com\/fr\/a-propos-de-nous\/responsabilite-sociale-et-environnement\/\" \/>\n<meta property=\"og:site_name\" content=\"FR\" \/>\n<meta property=\"article:modified_time\" content=\"2026-02-25T10:24:56+00:00\" \/>\n<meta property=\"og:image\" content=\"https:\/\/movianto.com\/fr\/wp-content\/uploads\/sites\/2\/2023\/03\/Sans-titre-1200-\u00d7-627-px-1.jpg\" \/>\n\t<meta property=\"og:image:width\" content=\"1200\" \/>\n\t<meta property=\"og:image:height\" content=\"627\" \/>\n\t<meta property=\"og:image:type\" content=\"image\/jpeg\" \/>\n<meta name=\"twitter:card\" content=\"summary_large_image\" \/>\n<meta name=\"twitter:label1\" content=\"Estimated reading time\" \/>\n\t<meta name=\"twitter:data1\" content=\"1 minute\" \/>\n<script type=\"application\/ld+json\" class=\"yoast-schema-graph\">{\"@context\":\"https:\/\/schema.org\",\"@graph\":[{\"@type\":\"WebPage\",\"@id\":\"https:\/\/movianto.com\/fr\/a-propos-de-nous\/responsabilite-sociale-et-environnement\/\",\"url\":\"https:\/\/movianto.com\/fr\/a-propos-de-nous\/responsabilite-sociale-et-environnement\/\",\"name\":\"Responsabilit\u00e9 Sociale et Environnement | Movianto\",\"isPartOf\":{\"@id\":\"https:\/\/movianto.com\/fr\/#website\"},\"primaryImageOfPage\":{\"@id\":\"https:\/\/movianto.com\/fr\/a-propos-de-nous\/responsabilite-sociale-et-environnement\/#primaryimage\"},\"image\":{\"@id\":\"https:\/\/movianto.com\/fr\/a-propos-de-nous\/responsabilite-sociale-et-environnement\/#primaryimage\"},\"thumbnailUrl\":\"https:\/\/movianto.com\/fr\/wp-content\/uploads\/sites\/2\/2023\/03\/Sans-titre-1200-\u00d7-627-px-1.jpg\",\"datePublished\":\"2023-03-29T12:36:55+00:00\",\"dateModified\":\"2026-02-25T10:24:56+00:00\",\"description\":\"En tant que prestataire de services logistiques pharma & sant\u00e9, la RSE est essentielle dans tous les aspects de l'activit\u00e9 de Movianto.\",\"breadcrumb\":{\"@id\":\"https:\/\/movianto.com\/fr\/a-propos-de-nous\/responsabilite-sociale-et-environnement\/#breadcrumb\"},\"inLanguage\":\"en-GB\",\"potentialAction\":[{\"@type\":\"ReadAction\",\"target\":[\"https:\/\/movianto.com\/fr\/a-propos-de-nous\/responsabilite-sociale-et-environnement\/\"]}]},{\"@type\":\"ImageObject\",\"inLanguage\":\"en-GB\",\"@id\":\"https:\/\/movianto.com\/fr\/a-propos-de-nous\/responsabilite-sociale-et-environnement\/#primaryimage\",\"url\":\"https:\/\/movianto.com\/fr\/wp-content\/uploads\/sites\/2\/2023\/03\/Sans-titre-1200-\u00d7-627-px-1.jpg\",\"contentUrl\":\"https:\/\/movianto.com\/fr\/wp-content\/uploads\/sites\/2\/2023\/03\/Sans-titre-1200-\u00d7-627-px-1.jpg\",\"width\":1200,\"height\":627,\"caption\":\"aerial view of road in green forest with two white vehicles\"},{\"@type\":\"BreadcrumbList\",\"@id\":\"https:\/\/movianto.com\/fr\/a-propos-de-nous\/responsabilite-sociale-et-environnement\/#breadcrumb\",\"itemListElement\":[{\"@type\":\"ListItem\",\"position\":1,\"name\":\"Home\",\"item\":\"https:\/\/movianto.com\/fr\/\"},{\"@type\":\"ListItem\",\"position\":2,\"name\":\"\u00c0 propos de nous\",\"item\":\"https:\/\/movianto.com\/fr\/a-propos-de-nous\/\"},{\"@type\":\"ListItem\",\"position\":3,\"name\":\"Responsabilit\u00e9 Sociale et Environnement\"}]},{\"@type\":\"WebSite\",\"@id\":\"https:\/\/movianto.com\/fr\/#website\",\"url\":\"https:\/\/movianto.com\/fr\/\",\"name\":\"FR\",\"description\":\"\",\"publisher\":{\"@id\":\"https:\/\/movianto.com\/fr\/#organization\"},\"potentialAction\":[{\"@type\":\"SearchAction\",\"target\":{\"@type\":\"EntryPoint\",\"urlTemplate\":\"https:\/\/movianto.com\/fr\/?s={search_term_string}\"},\"query-input\":{\"@type\":\"PropertyValueSpecification\",\"valueRequired\":true,\"valueName\":\"search_term_string\"}}],\"inLanguage\":\"en-GB\"},{\"@type\":\"Organization\",\"@id\":\"https:\/\/movianto.com\/fr\/#organization\",\"name\":\"FR\",\"url\":\"https:\/\/movianto.com\/fr\/\",\"logo\":{\"@type\":\"ImageObject\",\"inLanguage\":\"en-GB\",\"@id\":\"https:\/\/movianto.com\/fr\/#\/schema\/logo\/image\/\",\"url\":\"https:\/\/movianto.com\/fr\/wp-content\/uploads\/sites\/2\/2023\/03\/Movianto-news-photos-9.jpg\",\"contentUrl\":\"https:\/\/movianto.com\/fr\/wp-content\/uploads\/sites\/2\/2023\/03\/Movianto-news-photos-9.jpg\",\"width\":600,\"height\":424,\"caption\":\"FR\"},\"image\":{\"@id\":\"https:\/\/movianto.com\/fr\/#\/schema\/logo\/image\/\"}}]}<\/script>\n<!-- \/ Yoast SEO Premium plugin. -->","yoast_head_json":{"title":"Responsabilit\u00e9 Sociale et Environnement | Movianto","description":"En tant que prestataire de services logistiques pharma & sant\u00e9, la RSE est essentielle dans tous les aspects de l'activit\u00e9 de Movianto.","robots":{"index":"index","follow":"follow","max-snippet":"max-snippet:-1","max-image-preview":"max-image-preview:large","max-video-preview":"max-video-preview:-1"},"canonical":"https:\/\/movianto.com\/fr\/a-propos-de-nous\/responsabilite-sociale-et-environnement\/","og_locale":"en_GB","og_type":"article","og_title":"Responsabilit\u00e9 Sociale et Environnement","og_description":"En tant que prestataire de services logistiques pharma & sant\u00e9, la RSE est essentielle dans tous les aspects de l'activit\u00e9 de Movianto.","og_url":"https:\/\/movianto.com\/fr\/a-propos-de-nous\/responsabilite-sociale-et-environnement\/","og_site_name":"FR","article_modified_time":"2026-02-25T10:24:56+00:00","og_image":[{"width":1200,"height":627,"url":"https:\/\/movianto.com\/fr\/wp-content\/uploads\/sites\/2\/2023\/03\/Sans-titre-1200-\u00d7-627-px-1.jpg","type":"image\/jpeg"}],"twitter_card":"summary_large_image","twitter_misc":{"Estimated reading time":"1 minute"},"schema":{"@context":"https:\/\/schema.org","@graph":[{"@type":"WebPage","@id":"https:\/\/movianto.com\/fr\/a-propos-de-nous\/responsabilite-sociale-et-environnement\/","url":"https:\/\/movianto.com\/fr\/a-propos-de-nous\/responsabilite-sociale-et-environnement\/","name":"Responsabilit\u00e9 Sociale et Environnement | Movianto","isPartOf":{"@id":"https:\/\/movianto.com\/fr\/#website"},"primaryImageOfPage":{"@id":"https:\/\/movianto.com\/fr\/a-propos-de-nous\/responsabilite-sociale-et-environnement\/#primaryimage"},"image":{"@id":"https:\/\/movianto.com\/fr\/a-propos-de-nous\/responsabilite-sociale-et-environnement\/#primaryimage"},"thumbnailUrl":"https:\/\/movianto.com\/fr\/wp-content\/uploads\/sites\/2\/2023\/03\/Sans-titre-1200-\u00d7-627-px-1.jpg","datePublished":"2023-03-29T12:36:55+00:00","dateModified":"2026-02-25T10:24:56+00:00","description":"En tant que prestataire de services logistiques pharma & sant\u00e9, la RSE est essentielle dans tous les aspects de l'activit\u00e9 de Movianto.","breadcrumb":{"@id":"https:\/\/movianto.com\/fr\/a-propos-de-nous\/responsabilite-sociale-et-environnement\/#breadcrumb"},"inLanguage":"en-GB","potentialAction":[{"@type":"ReadAction","target":["https:\/\/movianto.com\/fr\/a-propos-de-nous\/responsabilite-sociale-et-environnement\/"]}]},{"@type":"ImageObject","inLanguage":"en-GB","@id":"https:\/\/movianto.com\/fr\/a-propos-de-nous\/responsabilite-sociale-et-environnement\/#primaryimage","url":"https:\/\/movianto.com\/fr\/wp-content\/uploads\/sites\/2\/2023\/03\/Sans-titre-1200-\u00d7-627-px-1.jpg","contentUrl":"https:\/\/movianto.com\/fr\/wp-content\/uploads\/sites\/2\/2023\/03\/Sans-titre-1200-\u00d7-627-px-1.jpg","width":1200,"height":627,"caption":"aerial view of road in green forest with two white vehicles"},{"@type":"BreadcrumbList","@id":"https:\/\/movianto.com\/fr\/a-propos-de-nous\/responsabilite-sociale-et-environnement\/#breadcrumb","itemListElement":[{"@type":"ListItem","position":1,"name":"Home","item":"https:\/\/movianto.com\/fr\/"},{"@type":"ListItem","position":2,"name":"\u00c0 propos de nous","item":"https:\/\/movianto.com\/fr\/a-propos-de-nous\/"},{"@type":"ListItem","position":3,"name":"Responsabilit\u00e9 Sociale et Environnement"}]},{"@type":"WebSite","@id":"https:\/\/movianto.com\/fr\/#website","url":"https:\/\/movianto.com\/fr\/","name":"FR","description":"","publisher":{"@id":"https:\/\/movianto.com\/fr\/#organization"},"potentialAction":[{"@type":"SearchAction","target":{"@type":"EntryPoint","urlTemplate":"https:\/\/movianto.com\/fr\/?s={search_term_string}"},"query-input":{"@type":"PropertyValueSpecification","valueRequired":true,"valueName":"search_term_string"}}],"inLanguage":"en-GB"},{"@type":"Organization","@id":"https:\/\/movianto.com\/fr\/#organization","name":"FR","url":"https:\/\/movianto.com\/fr\/","logo":{"@type":"ImageObject","inLanguage":"en-GB","@id":"https:\/\/movianto.com\/fr\/#\/schema\/logo\/image\/","url":"https:\/\/movianto.com\/fr\/wp-content\/uploads\/sites\/2\/2023\/03\/Movianto-news-photos-9.jpg","contentUrl":"https:\/\/movianto.com\/fr\/wp-content\/uploads\/sites\/2\/2023\/03\/Movianto-news-photos-9.jpg","width":600,"height":424,"caption":"FR"},"image":{"@id":"https:\/\/movianto.com\/fr\/#\/schema\/logo\/image\/"}}]}},"_links":{"self":[{"href":"https:\/\/movianto.com\/fr\/wp-json\/wp\/v2\/pages\/2851"}],"collection":[{"href":"https:\/\/movianto.com\/fr\/wp-json\/wp\/v2\/pages"}],"about":[{"href":"https:\/\/movianto.com\/fr\/wp-json\/wp\/v2\/types\/page"}],"author":[{"embeddable":true,"href":"https:\/\/movianto.com\/fr\/wp-json\/wp\/v2\/users\/6"}],"replies":[{"embeddable":true,"href":"https:\/\/movianto.com\/fr\/wp-json\/wp\/v2\/comments?post=2851"}],"version-history":[{"count":38,"href":"https:\/\/movianto.com\/fr\/wp-json\/wp\/v2\/pages\/2851\/revisions"}],"predecessor-version":[{"id":6161,"href":"https:\/\/movianto.com\/fr\/wp-json\/wp\/v2\/pages\/2851\/revisions\/6161"}],"up":[{"embeddable":true,"href":"https:\/\/movianto.com\/fr\/wp-json\/wp\/v2\/pages\/764"}],"wp:featuredmedia":[{"embeddable":true,"href":"https:\/\/movianto.com\/fr\/wp-json\/wp\/v2\/media\/2953"}],"wp:attachment":[{"href":"https:\/\/movianto.com\/fr\/wp-json\/wp\/v2\/media?parent=2851"}],"curies":[{"name":"wp","href":"https:\/\/api.w.org\/{rel}","templated":true}]}}